{"id":8,"date":"2018-06-26T00:00:55","date_gmt":"2018-06-26T04:00:55","guid":{"rendered":"https:\/\/minaguas.gob.ve\/?page_id=8"},"modified":"2024-06-14T16:19:57","modified_gmt":"2024-06-14T20:19:57","slug":"acerca-de","status":"publish","type":"page","link":"https:\/\/minaguas.gob.ve\/?page_id=8","title":{"rendered":"\u00bfQui\u00e9nes Somos?"},"content":{"rendered":"<h2><\/h2>\n<h2 style=\"text-align: center;\"><strong>Una nueva etapa en la Revoluci\u00f3n<\/strong><\/h2>\n<p>En el marco de esta nueva etapa de la Revoluci\u00f3n, nuestro Presidente Nicol\u00e1s Maduro instruye la creaci\u00f3n del Ministerio del Poder Popular para la Atenci\u00f3n de las Aguas, bajo el Decreto N\u00b0 3.466 del 15\/06\/2018, publicado en la Gaceta Oficial de la Rep\u00fablica Bolivariana de Venezuela N\u00b0 41.427, que por primera vez en la historia de la Rep\u00fablica asumir\u00eda exclusivamente las competencias asignadas por el Ejecutivo Nacional para la gesti\u00f3n de la pol\u00edtica p\u00fablica en materia agua del pa\u00eds, como entidad pol\u00edtica, cient\u00edfico-t\u00e9cnica especializada en el Agua, exaltando la relevancia de los recursos h\u00eddricos, manteniendo la vigilancia continua en el pa\u00eds, realizando la administraci\u00f3n \u00f3ptima y promoviendo el aprovechamiento responsable del recurso, todo en un marco de eficiencia y eficacia, y de los principios del desarrollo humano sostenible.<\/p>\n<p>El Presidente Maduro anunci\u00f3\u200b, junto con la creaci\u00f3n del Ministerio del Poder Popular para la Atenci\u00f3n de las Aguas nombr\u00f3 como primera titular a la Ingeniera Qu\u00edmica Evelyn V\u00e1squez\u200b, expresidenta de Hidrocapital, compa\u00f1\u00eda operadora de acueductos de la Gran Caracas, quien adem\u00e1s desempe\u00f1\u00f3 funciones en ese momento como presidenta de Hidroven.<\/p>\n<p>El \u00f3rgano concentrar\u00e1 acciones destinadas a profundizar el desarrollo de la nueva pol\u00edtica nacional dirigida a los servicios p\u00fablicos, contribuyendo con las 7 L\u00edneas Estrat\u00e9gicas orientadas por el Presidente Nicol\u00e1s Maduro Moros para el nuevo per\u00edodo presidencial, enfoc\u00e1ndose principalmente en la S\u00e9ptima L\u00ednea: \u201cInfraestructura y Servicios P\u00fablicos\u201d. Con el avance y potenciaci\u00f3n del componente de Recuperaci\u00f3n, Estabilizaci\u00f3n y Mantenimiento, y la aplicaci\u00f3n de nuevas tecnolog\u00edas para la captaci\u00f3n y potabilizaci\u00f3n del agua, se garantizar\u00e1 un proceso de mejora progresiva en todos los servicios de agua potable y saneamiento, mantenimiento y atenci\u00f3n integral a los embalses y reservorios de agua, apuntando a elevar de manera sostenida las condiciones de vida del pueblo.<\/p>\n<h3><strong>Gesti\u00f3n Integral de los Recursos H\u00eddricos<\/strong><\/h3>\n<p>El Ministerio del Poder Popular para la Atenci\u00f3n de las Aguas contempla entre sus objetivos desarrollar pol\u00edticas p\u00fablicas orientadas a consolidar la Gesti\u00f3n Integrada de los Recursos H\u00eddricos, afianzando un modelo eficiente y revolucionario que garantice la protecci\u00f3n y administraci\u00f3n sustentable de las cuencas hidrogr\u00e1ficas, cursos y diversos acu\u00edferos, atendiendo las principales demandas de agua, as\u00ed como los requerimientos de este vital recurso en las \u00e1reas que se consideren estrat\u00e9gicas para el cumplimiento del Plan de Recuperaci\u00f3n, Crecimiento y Prosperidad Econ\u00f3mica de la naci\u00f3n.<\/p>\n<p>Asumiendo la gobernanza del recurso agua como un \u00e1rea estrat\u00e9gica de seguridad nacional, que asegure contribuir al bienestar de los habitantes del pa\u00eds, mediante una gesti\u00f3n integrada y sostenible del aprovechamiento del agua que garantice su disponibilidad en cantidad y calidad apropiadas para las necesidades de crecimiento que el pa\u00eds tiene en un ambiente sano y ecol\u00f3gicamente equilibrado.<\/p>\n<p>Del mismo modo, se implementar\u00e1n pol\u00edticas para el impulso y fortalecimiento del Gobierno Popular de las Aguas, medio fundamental para la democracia directa y protag\u00f3nica en el sector, apuntando a modelos de corresponsabilidad y gesti\u00f3n socialista de los servicios, fomentando activamente la participaci\u00f3n del Poder Popular organizado a trav\u00e9s de las Mesas T\u00e9cnicas de Agua, Consejos Comunitarios del Agua y Salas de Gesti\u00f3n Comunitaria del Agua, integrados plenamente a las Comunas Socialistas que han venido construyendo la nueva geometr\u00eda del poder y el nuevo esquema de funcionamiento del Estado Revolucionario. Aunado a esto, se comprometer\u00e1n esfuerzos para la promoci\u00f3n de una nueva cultura del agua para todas y todos los venezolanos, que reconozca este recurso como bien de dominio p\u00fablico, derecho humano fundamental y elemento vital para la sostenibilidad de la vida en el planeta.<\/p>\n<h3><strong>Un Hito Innovador<\/strong><\/h3>\n<p>En general, para la gesti\u00f3n del agua, los pa\u00edses de Am\u00e9rica Latina y el Caribe tienen mecanismos de coordinaci\u00f3n a nivel del gobierno central.\u00a0<strong>Venezuela se convierte en el primer pa\u00eds que cuenta en la actualidad con una cartera ministerial dedicada espec\u00edfica y exclusivamente al sector agua.<\/strong><\/p>\n<p>Este hito innovador trasciende el esquema establecido en Am\u00e9rica Latina y el Caribe donde otros sectores estrat\u00e9gicos y sensibles como la salud, la electricidad y la agricultura tienen atenci\u00f3n espec\u00edfica pero en relaci\u00f3n al sector agua se manejan en Ministerios de Tutela, organismos interministeriales, estructuras de alto nivel, entidades centrales, programas interentidades, mecanismos ministeriales o grupos coordinados por expertos.<\/p>\n<p><strong>Venezuela es hoy en d\u00eda el pa\u00eds latinoamericano con un Ministerio dedicado exclusivamente a la Gesti\u00f3n Integral del Recurso H\u00eddrico\u00a0<\/strong>entendida como la atenci\u00f3n a todos los usos y aprovechamiento de las aguas en fuentes (r\u00edos, lagos, mares, acu\u00edferos) en calidad y cantidad de aguas superficiales y subterr\u00e1neas. Lo que atiende directamente la condici\u00f3n estrat\u00e9gica de nuestro territorio al ser la 4ta reserva de agua dulce en Am\u00e9rica Latina y el 11vo en el Mundo.<\/p>\n","protected":false},"excerpt":{"rendered":"<p>Una nueva etapa en la Revoluci\u00f3n En el marco de esta nueva etapa de la Revoluci\u00f3n, nuestro Presidente Nicol\u00e1s Maduro instruye la creaci\u00f3n del Ministerio del Poder Popular para la Atenci\u00f3n de las Aguas, bajo el Decreto N\u00b0 3.466 del 15\/06\/2018, publicado en la Gaceta Oficial de la Rep\u00fablica Bolivariana de Venezuela N\u00b0 41.427, que [&hellip;]<\/p>\n","protected":false},"author":2,"featured_media":0,"parent":0,"menu_order":0,"comment_status":"closed","ping_status":"closed","template":"template\/fullwidth.php","meta":{"footnotes":""},"class_list":["post-8","page","type-page","status-publish","hentry"],"_links":{"self":[{"href":"https:\/\/minaguas.gob.ve\/index.php?rest_route=\/wp\/v2\/pages\/8","targetHints":{"allow":["GET"]}}],"collection":[{"href":"https:\/\/minaguas.gob.ve\/index.php?rest_route=\/wp\/v2\/pages"}],"about":[{"href":"https:\/\/minaguas.gob.ve\/index.php?rest_route=\/wp\/v2\/types\/page"}],"author":[{"embeddable":true,"href":"https:\/\/minaguas.gob.ve\/index.php?rest_route=\/wp\/v2\/users\/2"}],"replies":[{"embeddable":true,"href":"https:\/\/minaguas.gob.ve\/index.php?rest_route=%2Fwp%2Fv2%2Fcomments&post=8"}],"version-history":[{"count":0,"href":"https:\/\/minaguas.gob.ve\/index.php?rest_route=\/wp\/v2\/pages\/8\/revisions"}],"wp:attachment":[{"href":"https:\/\/minaguas.gob.ve\/index.php?rest_route=%2Fwp%2Fv2%2Fmedia&parent=8"}],"curies":[{"name":"wp","href":"https:\/\/api.w.org\/{rel}","templated":true}]}}