{"id":5179,"date":"2022-11-14T12:24:06","date_gmt":"2022-11-14T16:24:06","guid":{"rendered":"https:\/\/minaguas.gob.ve\/?page_id=5179"},"modified":"2022-11-14T12:24:06","modified_gmt":"2022-11-14T16:24:06","slug":"viceministerio-del-servicio-de-agua-potable-y-saneamiento-3","status":"publish","type":"page","link":"https:\/\/minaguas.gob.ve\/?page_id=5179","title":{"rendered":"Viceministerio del Servicio de Agua Potable y Saneamiento"},"content":{"rendered":"\n<p>El Viceministerio del Servicio de Agua Potable y Saneamiento es el encargado de planificar la ejecuci\u00f3n de pol\u00edticas y estrategias en materia de potabilizaci\u00f3n y tratamiento de aguas, mediante la evaluaci\u00f3n, an\u00e1lisis y control de los procesos productivos, que permitan garantizar la calidad del agua potable y la inocuidad de las aguas tratadas.<\/p>\n\n\n\n<p>Igualmente, articular acciones con los \u00f3rganos, entes e instituciones del sector h\u00eddrico para el dise\u00f1o, construcci\u00f3n, operaci\u00f3n y rehabilitaci\u00f3n de plantas de tratamiento, sistemas de potabilizaci\u00f3n y saneamiento del agua.<\/p>\n\n\n\n<p>Realizar seguimiento, evaluaci\u00f3n y control de los planes relacionados con las operaciones destinadas a la eliminaci\u00f3n o reducci\u00f3n de la contaminaci\u00f3n o las caracter\u00edsticas no deseables de las aguas.<\/p>\n\n\n\n<p>Velar por el cumplimiento de los programas operativos del ente ejecutor en los sistemas de tratamiento de las aguas (potabilizaci\u00f3n, depuraci\u00f3n y reutilizaci\u00f3n), de acuerdo a lo establecido en las leyes, reglamentos, resoluciones y otros actos normativos a nivel nacional.<\/p>\n\n\n\n<p>El viceministerio est\u00e1 compuesto de tres direcciones:<\/p>\n\n\n\n<p>\u2022 Direcci\u00f3n General de Pol\u00edticas para el Tratamiento de Agua Potable y Saneamiento.<\/p>\n\n\n\n<p>\u2022 Direcci\u00f3n General de Nuevas Tecnolog\u00edas, Pol\u00edticas de Innovaci\u00f3n y Plantas Desalinizadoras.<\/p>\n\n\n\n<p>\u2022 Direcci\u00f3n General de Pol\u00edticas de Agua Potable y Saneamiento.<\/p>\n","protected":false},"excerpt":{"rendered":"<p>El Viceministerio del Servicio de Agua Potable y Saneamiento es el encargado de planificar la ejecuci\u00f3n de pol\u00edticas y estrategias en materia de potabilizaci\u00f3n y tratamiento de aguas, mediante la evaluaci\u00f3n, an\u00e1lisis y control de los procesos productivos, que permitan garantizar la calidad del agua potable y la inocuidad de las aguas tratadas. Igualmente, articular [&hellip;]<\/p>\n","protected":false},"author":2,"featured_media":0,"parent":0,"menu_order":0,"comment_status":"closed","ping_status":"closed","template":"","meta":{"footnotes":""},"class_list":["post-5179","page","type-page","status-publish","hentry"],"_links":{"self":[{"href":"https:\/\/minaguas.gob.ve\/index.php?rest_route=\/wp\/v2\/pages\/5179","targetHints":{"allow":["GET"]}}],"collection":[{"href":"https:\/\/minaguas.gob.ve\/index.php?rest_route=\/wp\/v2\/pages"}],"about":[{"href":"https:\/\/minaguas.gob.ve\/index.php?rest_route=\/wp\/v2\/types\/page"}],"author":[{"embeddable":true,"href":"https:\/\/minaguas.gob.ve\/index.php?rest_route=\/wp\/v2\/users\/2"}],"replies":[{"embeddable":true,"href":"https:\/\/minaguas.gob.ve\/index.php?rest_route=%2Fwp%2Fv2%2Fcomments&post=5179"}],"version-history":[{"count":0,"href":"https:\/\/minaguas.gob.ve\/index.php?rest_route=\/wp\/v2\/pages\/5179\/revisions"}],"wp:attachment":[{"href":"https:\/\/minaguas.gob.ve\/index.php?rest_route=%2Fwp%2Fv2%2Fmedia&parent=5179"}],"curies":[{"name":"wp","href":"https:\/\/api.w.org\/{rel}","templated":true}]}}