{"id":5176,"date":"2022-11-14T12:21:58","date_gmt":"2022-11-14T16:21:58","guid":{"rendered":"https:\/\/minaguas.gob.ve\/?page_id=5176"},"modified":"2022-11-14T12:21:58","modified_gmt":"2022-11-14T16:21:58","slug":"viceministerio-de-administracion-de-cuencas-hidrograficas-2","status":"publish","type":"page","link":"https:\/\/minaguas.gob.ve\/?page_id=5176","title":{"rendered":"Viceministerio de Administraci\u00f3n de Cuencas Hidrogr\u00e1ficas"},"content":{"rendered":"\n<p>El Viceministerio de Administraci\u00f3n de Cuencas Hidrogr\u00e1ficas se encarga de generar, ejecutar, evaluar y fiscalizar las pol\u00edticas, planes, programas, normativas, proyectos en materia de administraci\u00f3n de cuencas hidrogr\u00e1ficas y embalses a fin de fortaleciendo la gesti\u00f3n integral del agua.<\/p>\n\n\n\n<p>De igual forma, se ocupa del resguardo y seguridad de las operaciones de los embalses, la infraestructura hidr\u00e1ulica; adem\u00e1s de la gesti\u00f3n de riesgos, adaptaci\u00f3n y mitigaci\u00f3n, ante inundaciones o sequ\u00edas, considerando los principios de gesti\u00f3n integral del Servicio H\u00eddrico Nacional.<\/p>\n\n\n\n<p>Establecer lineamientos conjuntamente con los otros Despachos de Viceministros o Viceministras del Ministerio, para la elaboraci\u00f3n y actualizaci\u00f3n del Plan Nacional de Gesti\u00f3n Integral de las Aguas.<\/p>\n\n\n\n<p>Tambi\u00e9n, velar por el correcto funcionamiento del Consejo Nacional de las Aguas, los Consejos de Regi\u00f3n Hidrogr\u00e1fica y los Consejos de Cuencas Hidrogr\u00e1ficas previstos en la normativa que rige la materia de aguas.<\/p>\n\n\n\n<p>Tres direcciones integran este viceministerio:<\/p>\n\n\n\n<p>\u2022 Direcci\u00f3n General de Administraci\u00f3n de Cuencas Hidrogr\u00e1ficas<\/p>\n\n\n\n<p>\u2022 Direcci\u00f3n General de Manejo de Embalse<\/p>\n\n\n\n<p>\u2022 Direcci\u00f3n General de Mitigaci\u00f3n y Control de Inundaciones<\/p>\n","protected":false},"excerpt":{"rendered":"<p>El Viceministerio de Administraci\u00f3n de Cuencas Hidrogr\u00e1ficas se encarga de generar, ejecutar, evaluar y fiscalizar las pol\u00edticas, planes, programas, normativas, proyectos en materia de administraci\u00f3n de cuencas hidrogr\u00e1ficas y embalses a fin de fortaleciendo la gesti\u00f3n integral del agua. De igual forma, se ocupa del resguardo y seguridad de las operaciones de los embalses, la [&hellip;]<\/p>\n","protected":false},"author":2,"featured_media":0,"parent":0,"menu_order":0,"comment_status":"closed","ping_status":"closed","template":"","meta":{"footnotes":""},"class_list":["post-5176","page","type-page","status-publish","hentry"],"_links":{"self":[{"href":"https:\/\/minaguas.gob.ve\/index.php?rest_route=\/wp\/v2\/pages\/5176","targetHints":{"allow":["GET"]}}],"collection":[{"href":"https:\/\/minaguas.gob.ve\/index.php?rest_route=\/wp\/v2\/pages"}],"about":[{"href":"https:\/\/minaguas.gob.ve\/index.php?rest_route=\/wp\/v2\/types\/page"}],"author":[{"embeddable":true,"href":"https:\/\/minaguas.gob.ve\/index.php?rest_route=\/wp\/v2\/users\/2"}],"replies":[{"embeddable":true,"href":"https:\/\/minaguas.gob.ve\/index.php?rest_route=%2Fwp%2Fv2%2Fcomments&post=5176"}],"version-history":[{"count":0,"href":"https:\/\/minaguas.gob.ve\/index.php?rest_route=\/wp\/v2\/pages\/5176\/revisions"}],"wp:attachment":[{"href":"https:\/\/minaguas.gob.ve\/index.php?rest_route=%2Fwp%2Fv2%2Fmedia&parent=5176"}],"curies":[{"name":"wp","href":"https:\/\/api.w.org\/{rel}","templated":true}]}}