{"id":5172,"date":"2022-11-14T12:16:12","date_gmt":"2022-11-14T16:16:12","guid":{"rendered":"https:\/\/minaguas.gob.ve\/?page_id=5172"},"modified":"2022-11-14T12:18:02","modified_gmt":"2022-11-14T16:18:02","slug":"viceministerio-para-la-gestion-popular-del-aguaaaa","status":"publish","type":"page","link":"https:\/\/minaguas.gob.ve\/?page_id=5172","title":{"rendered":"Viceministerio para la Gesti\u00f3n Popular del Agua"},"content":{"rendered":"\n<p>El Viceministerio para la Gesti\u00f3n Popular del Agua tiene como funci\u00f3n establecer lineamientos conjuntamente con los otros despachos de viceministros o viceministras del Ministerio, para la. elaboraci\u00f3n y actualizaci\u00f3n del Plan Nacional de Gesti\u00f3n Integral de las Aguas, determinar el procedimiento de evaluaci\u00f3n y seguimiento, as\u00ed como las medidas necesarias para regular el normal y eficiente funcionamiento de la gesti\u00f3n integral de las aguas.<\/p>\n\n\n\n<p>Este despacho promueve a trav\u00e9s del di\u00e1logo entre los saberes t\u00e9cnico- operativo con los saberes populares de las organizaciones comunitarias, vinculadas a la construcci\u00f3n del gobierno popular de las aguas, mediante el establecimiento de prioridades de acciones en la planificaci\u00f3n y ejecuci\u00f3n del mantenimiento, rehabilitaci\u00f3n, ampliaci\u00f3n de los acueductos y cloacas en el territorio de la Comuna.<\/p>\n\n\n\n<p>Asimismo, esta dependencia tiene a su cargo las Mesas T\u00e9cnicas de Agua, Consejos Comunitarios del Agua, Salas de Gesti\u00f3n Comunitarias del Agua y cualquier otra forma de organizaci\u00f3n, a trav\u00e9s de la ejecuci\u00f3n de programas de formaci\u00f3n liberadora, permanentes y consecutivos, rumbo a la transferencia al poder popular de los servicios de agua potable y saneamiento.<\/p>\n\n\n\n<p>Este despacho posee tres direcciones:<\/p>\n\n\n\n<p>\u2022 Direcci\u00f3n de Redes para la Siembra Educativa del Agua<\/p>\n\n\n\n<p>\u2022 Direcci\u00f3n para la Formaci\u00f3n Transformadora del Proceso Productivo del Agua<\/p>\n\n\n\n<p>\u2022 Direcci\u00f3n para el Fortalecimiento de los Saberes Identitarios de las Aguas<\/p>\n","protected":false},"excerpt":{"rendered":"<p>El Viceministerio para la Gesti\u00f3n Popular del Agua tiene como funci\u00f3n establecer lineamientos conjuntamente con los otros despachos de viceministros o viceministras del Ministerio, para la. elaboraci\u00f3n y actualizaci\u00f3n del Plan Nacional de Gesti\u00f3n Integral de las Aguas, determinar el procedimiento de evaluaci\u00f3n y seguimiento, as\u00ed como las medidas necesarias para regular el normal y [&hellip;]<\/p>\n","protected":false},"author":2,"featured_media":0,"parent":0,"menu_order":0,"comment_status":"closed","ping_status":"closed","template":"","meta":{"footnotes":""},"class_list":["post-5172","page","type-page","status-publish","hentry"],"_links":{"self":[{"href":"https:\/\/minaguas.gob.ve\/index.php?rest_route=\/wp\/v2\/pages\/5172","targetHints":{"allow":["GET"]}}],"collection":[{"href":"https:\/\/minaguas.gob.ve\/index.php?rest_route=\/wp\/v2\/pages"}],"about":[{"href":"https:\/\/minaguas.gob.ve\/index.php?rest_route=\/wp\/v2\/types\/page"}],"author":[{"embeddable":true,"href":"https:\/\/minaguas.gob.ve\/index.php?rest_route=\/wp\/v2\/users\/2"}],"replies":[{"embeddable":true,"href":"https:\/\/minaguas.gob.ve\/index.php?rest_route=%2Fwp%2Fv2%2Fcomments&post=5172"}],"version-history":[{"count":0,"href":"https:\/\/minaguas.gob.ve\/index.php?rest_route=\/wp\/v2\/pages\/5172\/revisions"}],"wp:attachment":[{"href":"https:\/\/minaguas.gob.ve\/index.php?rest_route=%2Fwp%2Fv2%2Fmedia&parent=5172"}],"curies":[{"name":"wp","href":"https:\/\/api.w.org\/{rel}","templated":true}]}}