{"id":5159,"date":"2022-11-14T11:58:54","date_gmt":"2022-11-14T15:58:54","guid":{"rendered":"https:\/\/minaguas.gob.ve\/?page_id=5159"},"modified":"2022-11-14T11:58:54","modified_gmt":"2022-11-14T15:58:54","slug":"politicas","status":"publish","type":"page","link":"https:\/\/minaguas.gob.ve\/?page_id=5159","title":{"rendered":"Pol\u00edticas"},"content":{"rendered":"\n<p>\u2022 Impulso y fortalecimiento de la Organizaci\u00f3n Comunitaria generando experiencias de autogesti\u00f3n y cogesti\u00f3n socialista, haciendo acompa\u00f1amiento al Poder Popular en procesos de transferencia revolucionaria del servicio de agua potable y saneamiento.<\/p>\n\n\n\n<p>\u2022 Fortalecimiento y expansi\u00f3n de los sistemas de producci\u00f3n y distribuci\u00f3n de agua potable, mantenimiento de la infraestructura h\u00eddrica y manejo de las fuentes de agua, para garantizar las necesidades de la poblaci\u00f3n.<\/p>\n\n\n\n<p>\u2022 Implementaci\u00f3n de sistemas para el cuidado y resguardo integral del Sistema H\u00eddrico Nacional, que garanticen la seguridad t\u00e9cnica e integral del proceso productivo del agua en todas sus etapas, profundizando los protocolos de defensa ante la guerra multidimensional y multifactorial empleada por el imperialismo a nuestra Naci\u00f3n.<\/p>\n\n\n\n<p>\u2022 Promoci\u00f3n e inserci\u00f3n de programas pedag\u00f3gicos en el \u00e1mbito de las aguas en todos los niveles y modalidades de formaci\u00f3n integral liberadora en cultura del agua, que involucre la organizaci\u00f3n popular del agua, pueblo trabajador del agua e instituciones de formaci\u00f3n, a los fines de fortalecer el servicio h\u00eddrico nacional.<\/p>\n\n\n\n<p>\u2022 Generaci\u00f3n de un nuevo modelo de gesti\u00f3n soberano y sostenible, que permita potenciar los conocimientos y habilidades t\u00e9cnico-pol\u00edticas necesarias para brindar un servicio de agua potable y saneamiento efectivo, contribuyendo a una mejor calidad de vida.<\/p>\n","protected":false},"excerpt":{"rendered":"<p>\u2022 Impulso y fortalecimiento de la Organizaci\u00f3n Comunitaria generando experiencias de autogesti\u00f3n y cogesti\u00f3n socialista, haciendo acompa\u00f1amiento al Poder Popular en procesos de transferencia revolucionaria del servicio de agua potable y saneamiento. \u2022 Fortalecimiento y expansi\u00f3n de los sistemas de producci\u00f3n y distribuci\u00f3n de agua potable, mantenimiento de la infraestructura h\u00eddrica y manejo de las [&hellip;]<\/p>\n","protected":false},"author":2,"featured_media":0,"parent":0,"menu_order":0,"comment_status":"closed","ping_status":"closed","template":"","meta":{"footnotes":""},"class_list":["post-5159","page","type-page","status-publish","hentry"],"_links":{"self":[{"href":"https:\/\/minaguas.gob.ve\/index.php?rest_route=\/wp\/v2\/pages\/5159","targetHints":{"allow":["GET"]}}],"collection":[{"href":"https:\/\/minaguas.gob.ve\/index.php?rest_route=\/wp\/v2\/pages"}],"about":[{"href":"https:\/\/minaguas.gob.ve\/index.php?rest_route=\/wp\/v2\/types\/page"}],"author":[{"embeddable":true,"href":"https:\/\/minaguas.gob.ve\/index.php?rest_route=\/wp\/v2\/users\/2"}],"replies":[{"embeddable":true,"href":"https:\/\/minaguas.gob.ve\/index.php?rest_route=%2Fwp%2Fv2%2Fcomments&post=5159"}],"version-history":[{"count":0,"href":"https:\/\/minaguas.gob.ve\/index.php?rest_route=\/wp\/v2\/pages\/5159\/revisions"}],"wp:attachment":[{"href":"https:\/\/minaguas.gob.ve\/index.php?rest_route=%2Fwp%2Fv2%2Fmedia&parent=5159"}],"curies":[{"name":"wp","href":"https:\/\/api.w.org\/{rel}","templated":true}]}}