{"id":396,"date":"2021-08-19T21:32:48","date_gmt":"2021-08-20T01:32:48","guid":{"rendered":"https:\/\/minaguas.gob.ve\/?page_id=396"},"modified":"2021-08-19T21:34:40","modified_gmt":"2021-08-20T01:34:40","slug":"objetivos-institucionales","status":"publish","type":"page","link":"https:\/\/minaguas.gob.ve\/?page_id=396","title":{"rendered":"OBJETIVOS INSTITUCIONALES"},"content":{"rendered":"\n<p><\/p>\n\n\n\n<ul class=\"wp-block-list\"><li>Avanzar en cobertura y continuidad del servicio de agua potable y saneamiento a nivel nacional.<\/li><li>Gestionar de manera segura el suministro de agua potable a la poblaci\u00f3n.<\/li><li>Generar lineamientos, estrategias y planes de desarrollo orientados a la siembra y cosecha del agua para los distintos usos.<\/li><li>Aplicar m\u00e9todos de gesti\u00f3n socialista del agua para generar espacios de formaci\u00f3n, investigaci\u00f3n e innovaci\u00f3n que aporten soluciones, desarrollados con materias primas y tecnolog\u00edas propias a los nudos cr\u00edticos del proceso productivo del agua.<\/li><li>Mantener la soberan\u00eda en los insumos qu\u00edmicos e industriales del sistema de agua.<\/li><\/ul>\n","protected":false},"excerpt":{"rendered":"<p>Avanzar en cobertura y continuidad del servicio de agua potable y saneamiento a nivel nacional. Gestionar de manera segura el suministro de agua potable a la poblaci\u00f3n. Generar lineamientos, estrategias y planes de desarrollo orientados a la siembra y cosecha del agua para los distintos usos. Aplicar m\u00e9todos de gesti\u00f3n socialista del agua para generar [&hellip;]<\/p>\n","protected":false},"author":2,"featured_media":0,"parent":0,"menu_order":0,"comment_status":"closed","ping_status":"closed","template":"template\/fullwidth.php","meta":{"footnotes":""},"class_list":["post-396","page","type-page","status-publish","hentry"],"_links":{"self":[{"href":"https:\/\/minaguas.gob.ve\/index.php?rest_route=\/wp\/v2\/pages\/396","targetHints":{"allow":["GET"]}}],"collection":[{"href":"https:\/\/minaguas.gob.ve\/index.php?rest_route=\/wp\/v2\/pages"}],"about":[{"href":"https:\/\/minaguas.gob.ve\/index.php?rest_route=\/wp\/v2\/types\/page"}],"author":[{"embeddable":true,"href":"https:\/\/minaguas.gob.ve\/index.php?rest_route=\/wp\/v2\/users\/2"}],"replies":[{"embeddable":true,"href":"https:\/\/minaguas.gob.ve\/index.php?rest_route=%2Fwp%2Fv2%2Fcomments&post=396"}],"version-history":[{"count":0,"href":"https:\/\/minaguas.gob.ve\/index.php?rest_route=\/wp\/v2\/pages\/396\/revisions"}],"wp:attachment":[{"href":"https:\/\/minaguas.gob.ve\/index.php?rest_route=%2Fwp%2Fv2%2Fmedia&parent=396"}],"curies":[{"name":"wp","href":"https:\/\/api.w.org\/{rel}","templated":true}]}}