{"id":285,"date":"2021-08-17T13:19:29","date_gmt":"2021-08-17T17:19:29","guid":{"rendered":"https:\/\/minaguas.gob.ve\/?page_id=285"},"modified":"2021-08-17T13:19:29","modified_gmt":"2021-08-17T17:19:29","slug":"educacion-y-cultura-del-agua","status":"publish","type":"page","link":"https:\/\/minaguas.gob.ve\/?page_id=285","title":{"rendered":"EDUCACI\u00d3N Y CULTURA DEL AGUA"},"content":{"rendered":"<div class=\"elementor-text-editor elementor-clearfix\">\n<table>\n<tbody>\n<tr>\n<td colspan=\"2\"><strong>PROGRAMA \u201cEL AGUA EN NUESTRAS VIDAS\u201d<\/strong><\/td>\n<\/tr>\n<tr>\n<td rowspan=\"3\">&nbsp;<\/p>\n<p><strong>Tiene como objetivo principal incentivar el aprendizaje en ni\u00f1as y ni\u00f1os de los niveles inicial y b\u00e1sico en educaci\u00f3n ambiental, para construir una cultura del Agua, que promueve una visi\u00f3n integral y responsable de sus usos.<\/strong><\/p>\n<p>&nbsp;<\/td>\n<td>* Experiencias l\u00fadicas pedag\u00f3gicas para la concienciaci\u00f3n del cuidado, uso responsable y valoraci\u00f3n del \u201cAGUA\u201d como un bien natural para preservar la vida en el planeta.<\/td>\n<\/tr>\n<tr>\n<td>* Formaci\u00f3n Docente para la elaboraci\u00f3n, aplicaci\u00f3n y socializaci\u00f3n de Estrategias de aprendizajes de car\u00e1cter l\u00fadico \/pedag\u00f3gico.<\/td>\n<\/tr>\n<tr>\n<td>* Proyectos creativos y de innovaci\u00f3n para el cuidado y preservaci\u00f3n de los Agua, en espacios educativos formales y\/o comunitarios.<\/td>\n<\/tr>\n<\/tbody>\n<\/table>\n<p><img loading=\"lazy\" decoding=\"async\" class=\"aligncenter wp-image-286 size-full\" src=\"https:\/\/minaguas.gob.ve\/wp-content\/uploads\/2021\/08\/mesas-tecnicas-de-Agua-3-1.jpg\" alt=\"\" width=\"768\" height=\"512\" srcset=\"https:\/\/minaguas.gob.ve\/wp-content\/uploads\/2021\/08\/mesas-tecnicas-de-Agua-3-1.jpg 768w, https:\/\/minaguas.gob.ve\/wp-content\/uploads\/2021\/08\/mesas-tecnicas-de-Agua-3-1-300x200.jpg 300w\" sizes=\"auto, (max-width: 768px) 100vw, 768px\" \/><\/p>\n<table>\n<tbody>\n<tr>\n<td colspan=\"2\" width=\"576\"><strong>PROGRAMA \u201cTECNI-CIENCI-ANDO\u201d<\/strong><\/td>\n<\/tr>\n<tr>\n<td rowspan=\"4\" width=\"450\">&nbsp;<\/p>\n<p>&nbsp;<\/p>\n<p>&nbsp;<\/p>\n<p><strong>Potenciar la fuerza hist\u00f3rica de la juventud en la nueva fuerza productiva nacional, capaz de solventar las situaciones presentes desde lo end\u00f3geno,\u00a0<\/strong><strong>que nos permita lograr la transformaci\u00f3n necesaria, basados desde las necesidades del agua.<\/strong><\/p>\n<p>&nbsp;<\/td>\n<td width=\"323\">* Promover la Cultura del Agua, desde la praxis educativa de las escuelas t\u00e9cnicas, para la construcci\u00f3n de una sociedad respetuosa, concientizada, creadora e innovadora para resoluci\u00f3n concreta de nudos cr\u00edticos en el sector h\u00eddrico.<\/td>\n<\/tr>\n<tr>\n<td width=\"323\">* Potenciar la generaci\u00f3n de relevo, para incluirse en el Sistema Productivo del Agua a nivel nacional.<\/td>\n<\/tr>\n<tr>\n<td width=\"323\">* Propiciar una pol\u00edtica educativa cuya direccionalidad sea la investigaci\u00f3n de problemas asociados y contextualizado espec\u00edficamente a la producci\u00f3n y saneamiento del Agua.<\/td>\n<\/tr>\n<tr>\n<td width=\"576\">* Incentivar desde las escuelas t\u00e9cnicas el conocimiento y la tecnolog\u00eda que se requiere en el proceso de sustituci\u00f3n de importaciones.<\/td>\n<\/tr>\n<\/tbody>\n<\/table>\n<table>\n<tbody>\n<tr>\n<td colspan=\"2\" width=\"576\"><strong>PROGRAMA \u201cLA MOVIDA DEL AGUA\u201d<\/strong><\/td>\n<\/tr>\n<tr>\n<td rowspan=\"4\" width=\"253\"><strong>Propuesta educativa basada en un Encuentro Tecnol\u00f3gico de innovaci\u00f3n e investigaci\u00f3n para estimular el inter\u00e9s de los estudiantes universitarios en la construcci\u00f3n de conocimientos acad\u00e9micos y populares vinculados a las tem\u00e1ticas de los recursos h\u00eddricos.<\/strong><\/td>\n<td width=\"323\">* Impulsar la inventiva y el potencial creativo para aportar a las soluciones de los nudos cr\u00edticos que presenta el servicio de agua<\/td>\n<\/tr>\n<tr>\n<td width=\"323\">* Desarrollo de prototipos experimentales de insumos y piezas, aplicados al sistema productivo del Agua.<\/td>\n<\/tr>\n<tr>\n<td width=\"323\">* Brindarle a los participantes espacios de vinculaci\u00f3n laboral en el sector Agua.<\/td>\n<\/tr>\n<tr>\n<td width=\"323\">* Procesos productivos que motiven el uso responsable y eficiente de este bien natural.<\/td>\n<\/tr>\n<\/tbody>\n<\/table>\n<p>&nbsp;<\/p>\n<p><strong>PROGRAMA DE<\/strong>\u00a0<strong>FORMACI\u00d3N T\u00c9CNICA Y PROFESIONAL<\/strong><\/p>\n<p>Dise\u00f1a, aplica y eval\u00faa procesos formativos espec\u00edficos en materia del recurso h\u00eddrico.<\/p>\n<ul>\n<li>Desarrolla alianzas interinstitucionales que favorezcan la prosecuci\u00f3n de estudios de pregrado y posgrados v\u00ednculados con el recurso h\u00eddrico (especializaci\u00f3n, maestr\u00edas y doctorados).<\/li>\n<li>Dise\u00f1a procesos formativos (cursos, talleres y diplomados) enmarcados en las \u00e1reas tem\u00e1ticas y las l\u00edneas de investigaci\u00f3n del recurso h\u00eddrico.<\/li>\n<li>Establece v\u00ednculos internacionales para el intercambio de procesos formativos y experiencias<\/li>\n<\/ul>\n<p><strong>PROGRAMA DE<\/strong><strong>\u00a0INVESTIGACI\u00d3N E INNOVACI\u00d3N<\/strong><\/p>\n<p>Propicia el desarrollo de investigaciones de car\u00e1cter interdisciplinario y transdisciplinario donde se vinculan universidades, instituciones, empresas y el pueblo organizado, para la producci\u00f3n de conocimientos y pr\u00e1cticas que apunten a la soluci\u00f3n de problemas del recurso h\u00eddrico.<\/p>\n<ul>\n<li>Establece alianzas con los centros de investigaci\u00f3n para el desarrollo de estudios tecnol\u00f3gicos e innovaci\u00f3n que permitan la independencia operativa del sector aguas y la sustituci\u00f3n de importaciones.<\/li>\n<li>Impulsa el desarrollo de investigaciones de estudiantes de pregrado y posgrado en procesos alternativos y de nuevas tecnolog\u00edas en torno a las aguas.<\/li>\n<li>Socializa la informaci\u00f3n de los haceres relacionados con el recurso h\u00eddrico a trav\u00e9s de diversos medios.<\/li>\n<\/ul>\n<p><strong>PROGRAMA DE PATRIMONIO CULTURAL DEL AGUA<\/strong><\/p>\n<ul>\n<li>Identificar, acompa\u00f1ar y sistematizar los procesos identitarios del agua desarrollados por guardianes del agua, dedicados al rescate, cuidado y preservaci\u00f3n de las nacientes.<\/li>\n<li>Identificar y difundir experiencias formativas asociadas al rescate del agua<\/li>\n<li>Registrar para la preservaci\u00f3n acciones de cultura popular: cantos, rezos, oraciones, cuentos, bailes, organizaciones y\/o personas que dedican sus saberes al resguardo, conservaci\u00f3n<\/li>\n<li>Fortalecer y visibilizar los espacios de expresi\u00f3n y fomentar mecanismos de registro e interpretaci\u00f3n de las culturas populares y de la memoria hist\u00f3rica venezolana y nuestroamericana<\/li>\n<li>Promover la producci\u00f3n de contenido educativo para generar concienciaci\u00f3n hist\u00f3rica y formar cr\u00edticamente las nuevas generaciones.<\/li>\n<\/ul>\n<p><strong>PROGRAMA DE TEJIDOS SOCIOCULTURALES DEL AGUA<\/strong><\/p>\n<ul>\n<li>Georeferenciar los espacios de expresi\u00f3n para fomentar mecanismos de registro e interpretaci\u00f3n de las culturas populares y de la memoria hist\u00f3rica venezolana y nuestroamericana<\/li>\n<li>Impulsar y desarrollar una visi\u00f3n de derechos de la Madre Tierra, como representaci\u00f3n de los derechos de las generaciones presentes y futuras, as\u00ed como el respeto a otras formas de vida<\/li>\n<li>Promover la organizaci\u00f3n del Poder Popular que registran e interpretan la memoria hist\u00f3rica para su difusi\u00f3n con una propuesta formativa y pedag\u00f3gica<\/li>\n<li>Revalorizar y relegitimar los conocimientos, saberes, creencias y pr\u00e1cticas locales, tradicionales y ancestrales de las campesinas y campesinos, ind\u00edgenas y afrodescendientes.<\/li>\n<\/ul>\n<p><img loading=\"lazy\" decoding=\"async\" class=\"aligncenter wp-image-287 size-full\" src=\"https:\/\/minaguas.gob.ve\/wp-content\/uploads\/2021\/08\/PROGRAMA-DE-TEJIDOS-SOCIOCULTURALES-DEL-AGUA-768x512-1.jpg\" alt=\"\" width=\"768\" height=\"512\" srcset=\"https:\/\/minaguas.gob.ve\/wp-content\/uploads\/2021\/08\/PROGRAMA-DE-TEJIDOS-SOCIOCULTURALES-DEL-AGUA-768x512-1.jpg 768w, https:\/\/minaguas.gob.ve\/wp-content\/uploads\/2021\/08\/PROGRAMA-DE-TEJIDOS-SOCIOCULTURALES-DEL-AGUA-768x512-1-300x200.jpg 300w\" sizes=\"auto, (max-width: 768px) 100vw, 768px\" \/><\/p>\n<\/div>\n","protected":false},"excerpt":{"rendered":"<p>PROGRAMA \u201cEL AGUA EN NUESTRAS VIDAS\u201d &nbsp; Tiene como objetivo principal incentivar el aprendizaje en ni\u00f1as y ni\u00f1os de los niveles inicial y b\u00e1sico en educaci\u00f3n ambiental, para construir una cultura del Agua, que promueve una visi\u00f3n integral y responsable de sus usos. &nbsp; * Experiencias l\u00fadicas pedag\u00f3gicas para la concienciaci\u00f3n del cuidado, uso responsable [&hellip;]<\/p>\n","protected":false},"author":2,"featured_media":0,"parent":0,"menu_order":0,"comment_status":"closed","ping_status":"closed","template":"template\/fullwidth.php","meta":{"footnotes":""},"class_list":["post-285","page","type-page","status-publish","hentry"],"_links":{"self":[{"href":"https:\/\/minaguas.gob.ve\/index.php?rest_route=\/wp\/v2\/pages\/285","targetHints":{"allow":["GET"]}}],"collection":[{"href":"https:\/\/minaguas.gob.ve\/index.php?rest_route=\/wp\/v2\/pages"}],"about":[{"href":"https:\/\/minaguas.gob.ve\/index.php?rest_route=\/wp\/v2\/types\/page"}],"author":[{"embeddable":true,"href":"https:\/\/minaguas.gob.ve\/index.php?rest_route=\/wp\/v2\/users\/2"}],"replies":[{"embeddable":true,"href":"https:\/\/minaguas.gob.ve\/index.php?rest_route=%2Fwp%2Fv2%2Fcomments&post=285"}],"version-history":[{"count":0,"href":"https:\/\/minaguas.gob.ve\/index.php?rest_route=\/wp\/v2\/pages\/285\/revisions"}],"wp:attachment":[{"href":"https:\/\/minaguas.gob.ve\/index.php?rest_route=%2Fwp%2Fv2%2Fmedia&parent=285"}],"curies":[{"name":"wp","href":"https:\/\/api.w.org\/{rel}","templated":true}]}}