{"id":280,"date":"2021-08-17T13:15:58","date_gmt":"2021-08-17T17:15:58","guid":{"rendered":"https:\/\/minaguas.gob.ve\/?page_id=280"},"modified":"2021-08-17T13:16:14","modified_gmt":"2021-08-17T17:16:14","slug":"mesas-tecnicas-del-agua","status":"publish","type":"page","link":"https:\/\/minaguas.gob.ve\/?page_id=280","title":{"rendered":"MESAS T\u00c9CNICAS DEL AGUA"},"content":{"rendered":"<p><strong>LOGROS Y AVANCES DE LAS MTA<\/strong><\/p>\n<ul>\n<li>* I Encuentro Nacional y 21 Encuentros Comunitarios para la construcci\u00f3n del Plan de la Patria Sectorial del Agua 2019-2025 con las MTA y el debate de las 7 L\u00edneas Estrat\u00e9gicas. Participaci\u00f3n: 1.101 personas (423 Mesas T\u00e9cnicas de Agua en 14 estados).<\/li>\n<li>* Creaci\u00f3n de 621 Mesas T\u00e9cnicas de Agua nuevas, de cara a dar cumplimiento al reimpulso y consolidaci\u00f3n del Gobierno Popular de las Aguas.<\/li>\n<li>* Realizaci\u00f3n de 5 Encuentros Regionales, para el reimpulso de las Mesas T\u00e9cnicas de Agua a trav\u00e9s del inicio de la construcci\u00f3n del Banco de Proyectos Comunitarios 2018-2019.<\/li>\n<li>* Entrega de 2 proyectos comunitarios del sector Media Ladera municipio Independencia, estado Miranda y 1era Fase del Proyecto Comunitario en el sector la Esperanza Edo. Vargas.<\/li>\n<\/ul>\n<p><img loading=\"lazy\" decoding=\"async\" class=\"aligncenter wp-image-281 size-full\" src=\"https:\/\/minaguas.gob.ve\/wp-content\/uploads\/2021\/08\/mesas-tecnicas-de-Agua-1-768x512-1.jpg\" alt=\"\" width=\"768\" height=\"512\" srcset=\"https:\/\/minaguas.gob.ve\/wp-content\/uploads\/2021\/08\/mesas-tecnicas-de-Agua-1-768x512-1.jpg 768w, https:\/\/minaguas.gob.ve\/wp-content\/uploads\/2021\/08\/mesas-tecnicas-de-Agua-1-768x512-1-300x200.jpg 300w\" sizes=\"auto, (max-width: 768px) 100vw, 768px\" \/><\/p>\n<p>* Siembra de 500 \u00e1rboles en el Embalse de Ocumarito y Agua Fr\u00eda del estado Miranda, con la participaci\u00f3n de voceros\/as provenientes de las Mesas T\u00e9cnicas Agua y Ni\u00f1os\/as de las escuelas vinculadas al proyecto educativo \u201cEl Agua en Nuestras Vidas\u201d.<\/p>\n<ul>\n<li>* Se realiz\u00f3 1 Transferencia Revolucionaria de Servicio de Agua al Poder Popular (en 1er Grado de transferencia), a la MTA de la comunidad \u201cSabana de Tinajitas\u201d, municipio San Genaro de Boconoito, estado Portuguesa, logrando consolidar la primera experiencia de transferencia de servicio de agua a nivel nacional.<\/li>\n<\/ul>\n<ul>\n<li>* Inicio en 2 Comunas del ABC para la Transferencia Revolucionaria de Servicio de Agua al Poder Popular (gu\u00eda metodol\u00f3gica y plan de trabajo) en el estado Monagas. Comunas \u201cEl Rocillo\u201d y \u201cBatalla de Santa In\u00e9s\u201d.<\/li>\n<\/ul>\n<ul>\n<li>* 1er Encuentro Nacional para el inicio de la construcci\u00f3n del Plan de la Patria Sectorial del Agua 2019-2025 (MPPP-MinAguas), con la participaci\u00f3n 92 voceros\/as pertenecientes a las MTA a nivel nacional.<\/li>\n<\/ul>\n<p><img loading=\"lazy\" decoding=\"async\" class=\"aligncenter wp-image-282 size-full\" src=\"https:\/\/minaguas.gob.ve\/wp-content\/uploads\/2021\/08\/mesas-tecnicas-de-Agua-2-768x432-1.jpg\" alt=\"\" width=\"768\" height=\"432\" srcset=\"https:\/\/minaguas.gob.ve\/wp-content\/uploads\/2021\/08\/mesas-tecnicas-de-Agua-2-768x432-1.jpg 768w, https:\/\/minaguas.gob.ve\/wp-content\/uploads\/2021\/08\/mesas-tecnicas-de-Agua-2-768x432-1-300x169.jpg 300w\" sizes=\"auto, (max-width: 768px) 100vw, 768px\" \/><\/p>\n<ul>\n<li>* 21 Encuentros Comunitarios, en el marco del debate del Plan Sectorial y las 7 L\u00edneas Estrat\u00e9gicas del Presidente Nicol\u00e1s Maduro, donde participaron 1.101 personas, provenientes de 423 MTA en 14 estados.<\/li>\n<\/ul>\n<ul>\n<li>* 17 Reuniones interinstitucionales (con Gobernaciones y Alcald\u00edas) para el debate y despliegue con las MTA.<\/li>\n<\/ul>\n<p>&nbsp;<\/p>\n<ul>\n<li>* Articulaci\u00f3n de todos los entes adscritos al Ministerio del Poder Popular de las Aguas, con el INCES para fortalecer los procesos educativos en relaci\u00f3n a los procesos de capacitaci\u00f3n que desarrollan, la acreditaci\u00f3n de saberes y los bachilleres productivos, logrando sistematizar hasta ahora de esa articulaci\u00f3n: 44 procesos de capacitaci\u00f3n, 447 personas con reconocimientos de los saberes, 137 trabajadores al bachillerato productivo y 297 otros cursos; con relaci\u00f3n al programa nacional de aprendices 183 incorporados dentro de las hidrol\u00f3gicas.<\/li>\n<\/ul>\n<ul>\n<li>* Impulso de procesos de aprendizajes conducentes a t\u00edtulos de Diplomados, Licenciaturas y Maestr\u00edas llevados a cabo por los entes adscritos, como parte de convenios con las diferentes universidades nacionales en la activaci\u00f3n de los Centros de Estudio del Agua, como: Diplomado en Promotor Comunitario. Hidrocaribe (UBT), Diplomado en Cuencas. Hidroandes (UPT), Autoformaci\u00f3n Proceso Productivo del Agua. Hidrolagos. (UBT), Maestr\u00eda en Gerencia P\u00fablica. Hidrofalc\u00f3n, (UNEFM). En este sentido, se han realizado 34 procesos formativos, con 683 participantes a nivel nacional.<\/li>\n<\/ul>\n<p>&nbsp;<\/p>\n<ul>\n<li>* Dise\u00f1o y puesta en marcha del 1er Diplomado en \u201cGesti\u00f3n Integral del Recurso H\u00eddrico\u201d, junto con la Escuela Venezolana de Planificaci\u00f3n, como un acuerdo entre el Ministerio del Poder Popular para la Atenci\u00f3n de las Aguas y el Ministerio del Poder Popular para la Planificaci\u00f3n. Con la participaci\u00f3n de 56 estudiantes, que cursar\u00e1n 4 m\u00f3dulos te\u00f3rico pr\u00e1cticos, con una duraci\u00f3n de 144 horas, y una malla curricular concebida para la emancipaci\u00f3n de nuestro pueblo trabajador y comunidades organizadas a fin de asumir la recuperaci\u00f3n y el mantenimiento de los sistemas h\u00eddricos de la naci\u00f3n desde una gesti\u00f3n popular de las aguas, teniendo como eje transversal la formaci\u00f3n sociopol\u00edtica.<\/li>\n<\/ul>\n<ul>\n<li>* Caracterizaci\u00f3n t\u00e9cnico-pol\u00edtica de 22 acueductos semi-urbanos y rurales, previstos para lograr la transferencia revolucionaria de servicio de agua al Poder Popular, que beneficiar\u00edan a 178.459 personas a nivel nacional.<\/li>\n<\/ul>\n<p>&nbsp;<\/p>\n<ul>\n<li>* Acompa\u00f1amiento pol\u00edtico para la elaboraci\u00f3n del plan de reactivaci\u00f3n y puesta en funcionamiento de cinco (5) Salas de Gesti\u00f3n Comunitaria del Agua en los Corredores de Barrios \u201cCatia Sur\u201d y \u201cCarretera Heroica Caracas-La Guaira\u201d, en el municipio Libertador, Distrito Capital.<\/li>\n<\/ul>\n<p>&nbsp;<\/p>\n<ul>\n<li>* Una (1) Transferencia Revolucionaria de Servicio de Agua al Poder Popular realizada, en 1er grado, a la MTA de la comunidad \u201cSabana de Tinajitas\u201d, municipio San Genaro de Boconoito, estado Portuguesa, logrando consolidar la primera experiencia de transferencia de servicio de agua a nivel nacional, beneficiando a 2.600 personas.<img loading=\"lazy\" decoding=\"async\" class=\"aligncenter wp-image-283 size-full\" src=\"https:\/\/minaguas.gob.ve\/wp-content\/uploads\/2021\/08\/mesas-tecnicas-de-Agua-3.jpg\" alt=\"\" width=\"720\" height=\"480\" srcset=\"https:\/\/minaguas.gob.ve\/wp-content\/uploads\/2021\/08\/mesas-tecnicas-de-Agua-3.jpg 720w, https:\/\/minaguas.gob.ve\/wp-content\/uploads\/2021\/08\/mesas-tecnicas-de-Agua-3-300x200.jpg 300w\" sizes=\"auto, (max-width: 720px) 100vw, 720px\" \/><\/li>\n<\/ul>\n<p>&nbsp;<\/p>\n<p>&nbsp;<\/p>\n","protected":false},"excerpt":{"rendered":"<p>LOGROS Y AVANCES DE LAS MTA * I Encuentro Nacional y 21 Encuentros Comunitarios para la construcci\u00f3n del Plan de la Patria Sectorial del Agua 2019-2025 con las MTA y el debate de las 7 L\u00edneas Estrat\u00e9gicas. Participaci\u00f3n: 1.101 personas (423 Mesas T\u00e9cnicas de Agua en 14 estados). * Creaci\u00f3n de 621 Mesas T\u00e9cnicas de [&hellip;]<\/p>\n","protected":false},"author":2,"featured_media":0,"parent":0,"menu_order":0,"comment_status":"closed","ping_status":"closed","template":"template\/fullwidth.php","meta":{"footnotes":""},"class_list":["post-280","page","type-page","status-publish","hentry"],"_links":{"self":[{"href":"https:\/\/minaguas.gob.ve\/index.php?rest_route=\/wp\/v2\/pages\/280","targetHints":{"allow":["GET"]}}],"collection":[{"href":"https:\/\/minaguas.gob.ve\/index.php?rest_route=\/wp\/v2\/pages"}],"about":[{"href":"https:\/\/minaguas.gob.ve\/index.php?rest_route=\/wp\/v2\/types\/page"}],"author":[{"embeddable":true,"href":"https:\/\/minaguas.gob.ve\/index.php?rest_route=\/wp\/v2\/users\/2"}],"replies":[{"embeddable":true,"href":"https:\/\/minaguas.gob.ve\/index.php?rest_route=%2Fwp%2Fv2%2Fcomments&post=280"}],"version-history":[{"count":0,"href":"https:\/\/minaguas.gob.ve\/index.php?rest_route=\/wp\/v2\/pages\/280\/revisions"}],"wp:attachment":[{"href":"https:\/\/minaguas.gob.ve\/index.php?rest_route=%2Fwp%2Fv2%2Fmedia&parent=280"}],"curies":[{"name":"wp","href":"https:\/\/api.w.org\/{rel}","templated":true}]}}