{"id":275,"date":"2021-08-17T13:02:27","date_gmt":"2021-08-17T17:02:27","guid":{"rendered":"https:\/\/minaguas.gob.ve\/?page_id=275"},"modified":"2021-08-17T13:16:52","modified_gmt":"2021-08-17T17:16:52","slug":"rem","status":"publish","type":"page","link":"https:\/\/minaguas.gob.ve\/?page_id=275","title":{"rendered":"REM"},"content":{"rendered":"<p><strong>CORRECCI\u00d3N DE 5.105 FUGAS EN SISTEMAS MAYORES DE DISTRIBUCI\u00d3N<\/strong><\/p>\n<p>Con la correcci\u00f3n de\u00a0<strong>5.105 fugas o botes de agua\u00a0<\/strong>en grandes tuber\u00edas matrices ubicadas en\u00a0<strong>20<\/strong>\u00a0<strong>estados<\/strong>\u00a0(Anzo\u00e1tegui, Amazonas, Apure, Aragua, Barinas, Bol\u00edvar, Carabobo, Distrito Capital, Gu\u00e1rico, Falc\u00f3n, Lara, M\u00e9rida, Miranda, Nueva Esparta, Portuguesa, T\u00e1chira, Trujillo, Sucre, Vargas y Zulia) se logr\u00f3 recuperar\u00a0<strong>10.916 litros por segundo\u00a0<\/strong>que representan el\u00a0<strong>9% del total de agua producida a nivel nacional<\/strong>. Esta cantidad de agua es similar a la requerida por todo el estado Carabobo (12.200 litros por segundo) para satisfacer la demanda de sus 2.519.581 habitantes.<\/p>\n<p>&nbsp;<\/p>\n<p><img loading=\"lazy\" decoding=\"async\" class=\"aligncenter wp-image-276 size-full\" src=\"https:\/\/minaguas.gob.ve\/wp-content\/uploads\/2021\/08\/CORRECCION-768x512-1.jpg\" alt=\"\" width=\"768\" height=\"512\" srcset=\"https:\/\/minaguas.gob.ve\/wp-content\/uploads\/2021\/08\/CORRECCION-768x512-1.jpg 768w, https:\/\/minaguas.gob.ve\/wp-content\/uploads\/2021\/08\/CORRECCION-768x512-1-300x200.jpg 300w\" sizes=\"auto, (max-width: 768px) 100vw, 768px\" \/><\/p>\n<p>El impacto mayoritario se logr\u00f3 en los estados Miranda, Carabobo y T\u00e1chira en los cuales se repar\u00f3 el\u00a0<strong>21%\u00a0<\/strong>de las fugas\u00a0<strong>(802)\u00a0<\/strong>recuperando\u00a0<strong>6.047 litros por segundo<\/strong>\u00a0(55% del total).<\/p>\n<p><strong>RECUPERACI\u00d3N DE 206 SISTEMAS DE POZOS PROFUNDOS<\/strong><\/p>\n<p>Rehabilitaci\u00f3n de\u00a0<strong>206<\/strong>\u00a0pozos profundos que representan el\u00a0<strong>5%\u00a0<\/strong>del total nacional, aportando\u00a0<strong>3.190 litros por segundo\u00a0<\/strong>y beneficiando al\u00a0<strong>9%\u00a0<\/strong>de la poblaci\u00f3n del pa\u00eds\u00a0<strong>(2.998.963 personas)\u00a0<\/strong>distribuidas en\u00a0<strong>19<\/strong>\u00a0estados.<\/p>\n<p><img loading=\"lazy\" decoding=\"async\" class=\"aligncenter wp-image-278 size-full\" src=\"https:\/\/minaguas.gob.ve\/wp-content\/uploads\/2021\/08\/RECUPERACION-768x512-1.jpg\" alt=\"\" width=\"768\" height=\"512\" srcset=\"https:\/\/minaguas.gob.ve\/wp-content\/uploads\/2021\/08\/RECUPERACION-768x512-1.jpg 768w, https:\/\/minaguas.gob.ve\/wp-content\/uploads\/2021\/08\/RECUPERACION-768x512-1-300x200.jpg 300w\" sizes=\"auto, (max-width: 768px) 100vw, 768px\" \/><\/p>\n<p>&nbsp;<\/p>\n<p>Estos pozos vienen a suministrar agua en zonas rurales y semiurbanas que no se sirven de los grandes sistemas de distribuci\u00f3n o tuber\u00edas.<\/p>\n<p>La mayor cantidad de pozos rehabilitados se ubican en los estados\u00a0<strong>Apure, Aragua, Portuguesa, Sucre, Trujillo y Zulia.<\/strong><\/p>\n<p><strong>PLAN REM APORTA 24% M\u00c1S AGUA A 19 ESTADOS DEL PA\u00cdS<\/strong><\/p>\n<p>Con los trabajos del plan de Rehabilitaci\u00f3n, Estabilizaci\u00f3n y Mantenimiento (REM) ejecutados en\u00a0<strong>19<\/strong>\u00a0estados del pa\u00eds, se ha logrado un incremento aproximado del\u00a0<strong>24%\u00a0<\/strong>en la producci\u00f3n de agua potable a nivel nacional, equivalente a\u00a0<strong>31.525 litros por segundo\u00a0<\/strong>beneficiando a<strong>\u00a014.630.023 habitantes\u00a0<\/strong>equivalente al\u00a0<strong>46%\u00a0<\/strong>de la poblaci\u00f3n nacional (<strong>54%\u00a0<\/strong>de la poblaci\u00f3n de esos\u00a0<strong>19<\/strong>\u00a0estados).<\/p>\n<p><img loading=\"lazy\" decoding=\"async\" class=\"aligncenter wp-image-277 size-full\" src=\"https:\/\/minaguas.gob.ve\/wp-content\/uploads\/2021\/08\/PLAN-REM-APORTA-768x512-1.jpg\" alt=\"\" width=\"768\" height=\"512\" srcset=\"https:\/\/minaguas.gob.ve\/wp-content\/uploads\/2021\/08\/PLAN-REM-APORTA-768x512-1.jpg 768w, https:\/\/minaguas.gob.ve\/wp-content\/uploads\/2021\/08\/PLAN-REM-APORTA-768x512-1-300x200.jpg 300w\" sizes=\"auto, (max-width: 768px) 100vw, 768px\" \/><\/p>\n<p>&nbsp;<\/p>\n<p><strong>CARACAS Y MIRANDA<\/strong><\/p>\n<p><strong>+ AGUA REGI\u00d3N CAPITAL 3.260 lps<\/strong><\/p>\n<p>A trav\u00e9s de las acciones cometidas en los sistemas de producci\u00f3n Tuy I y Tuy III, estaciones de bombeo 11, 31, 33, Vista Alegre y Term\u00f3pilas, y en aducciones del Sistema Tuy II, se logr\u00f3 el incremento de\u00a0<strong>3.260 lps<\/strong>\u00a0para la regi\u00f3n capital, lo que ha permitido mejorar progresivamente la continuidad y la frecuencia de los ciclos de abastecimiento de agua potable en los sectores m\u00e1s afectados de la Gran Caracas, Altos Mirandinos y Valles del Tuy beneficiando a\u00a0<strong>3.870.678 habitantes\u00a0<\/strong>que representan el\u00a0<strong>68%\u00a0<\/strong>de la poblaci\u00f3n de la regi\u00f3n capital y el\u00a0<strong>12%<\/strong>\u00a0de la poblaci\u00f3n nacional.<\/p>\n<p><em>La Candelaria, San Juan, San Pedro, El Recreo, El Para\u00edso, parte baja de San Bernardino, Caricuao, Montalb\u00e1n I, Santa M\u00f3nica, Coche, La Bandera, Santa Rosal\u00eda, Catia, 23 de Enero, Santa Teresa, Prados del Este, Alto Prado, Terrazas del Club H\u00edpico, Santa Rosa de Lima, San Rom\u00e1n, Municipios Los Salias, Carrizal y parte de Guaicaipuro, Tom\u00e1s Lander (Ocumare) y Urdaneta (C\u00faa), Santa Teresa y Charallave.<\/em><\/p>\n<p><strong>CARABOBO<\/strong><\/p>\n<p><strong>+ AGUA REGI\u00d3N CENTRAL 2.500 lps<\/strong><\/p>\n<p>Con los trabajos realizados en el<strong>\u00a0Sistema Regional del Centro I<\/strong>, principalmente en la E\/B Pao-Cachinche, la Planta Alejo Zuloaga y la aducci\u00f3n matriz que conecta estos dos sistemas, se restituyeron\u00a0<strong>2.500 litros por segundo para el estado Carabobo\u00a0<\/strong>(20% de lo requerido) mejorando el servicio de agua potable para la poblaci\u00f3n, logrando beneficiar a\u00a0<strong>1.924.458 habitantes\u00a0<\/strong>que representa el\u00a0<strong>76%\u00a0<\/strong>de la poblaci\u00f3n del estado (6% de la poblaci\u00f3n nacional).<\/p>\n<p><em>Municipios Valencia, Naguanagua, Libertador y parte de San Diego y Los Guayos.<\/em><\/p>\n<p><strong>ZULIA<\/strong><\/p>\n<p><strong>+ AGUA PARA EL OCCIDENTE 3.160<\/strong>\u00a0<strong>lps<\/strong><\/p>\n<p>En el estado Zulia se recuperaron\u00a0<strong>3.160 litros por segundo\u00a0<\/strong>con las intervenciones realizadas para reactivar la E\/B del embalse Tul\u00e9, los trabajos ejecutados en la Planta de Potabilizaci\u00f3n Alonso de Ojeda, las E\/B del sur de Maracaibo y las mejoras en las aducciones de Pueblo Viejo \u2013 Cabimas, para recuperar, estabilizar y mantener el servicio de agua potable, alcanzando a\u00a0<strong>1.700.000 habitantes<\/strong>\u00a0(40% de la poblaci\u00f3n del estado, 5% de la poblaci\u00f3n nacional). Esto representa el\u00a0<strong>11%\u00a0<\/strong>de los litros por segundo requeridos por el estado.<\/p>\n<p><em>Municipios beneficiados hasta los momentos son Maracaibo, Mara, Miranda, San Francisco, Padilla y Losada.<\/em><\/p>\n<p><strong>ANZO\u00c1TEGUI<\/strong><\/p>\n<p><strong>+ AGUA REGI\u00d3N ORIENTE 2.600 lps<\/strong><\/p>\n<p>Con los trabajos REM realizados en el estado Anzo\u00e1tegui, se incorporaron\u00a0<strong>420 lps<\/strong>\u00a0(5% requerido para el estado) con las reparaciones realizadas la E\/B Curaguaro, Guanta y de la zona sur de Barcelona, en la Torre-Toma Los Montones, en las plantas Jos\u00e9 Antonio Anzo\u00e1tegui, Aragua de Barcelona y El Rinc\u00f3n, la recuperaci\u00f3n del Canal de Caratal, aunado a las maniobras operativas aplicadas, mejoraron sustancialmente el servicio de agua potable para\u00a0<strong>531.824 habitantes\u00a0<\/strong>(31% de la poblaci\u00f3n del estado, 2% de la poblaci\u00f3n nacional).<\/p>\n<p><em>Barcelona, Las Casitas, Los Tronconales, La Costanera, El Vi\u00f1edo, P\u00edritu, Puerto P\u00edritu, Las Isletas, 3 Cruces, Vista al Mar, y el casco central de Pe\u00f1alver<\/em><\/p>\n<p><strong>T\u00c1CHIRA<\/strong><\/p>\n<p><strong>ATENCI\u00d3N A LA EMERGENCIA REGI\u00d3N ANDES 4.000 lps<\/strong><\/p>\n<p>Tras la emergencia producida por las intensas lluvias del mes de septiembre, las cuales afectaron las principales aducciones y sistemas de distribuci\u00f3n del estado se reubic\u00f3, repar\u00f3 y realiz\u00f3 mantenimiento en tuber\u00edas de 56\u201d y se reconstruy\u00f3 la entrada del portal 1 del Acueducto Regional del T\u00e1chira,\u00a0<strong>logrando reactivar el sistema principal de suministro de agua<\/strong>\u00a0que distribuye\u00a0<strong>4.000 lps<\/strong>, que surten agua potable a\u00a0<strong>1.195.545 personas\u00a0<\/strong>del estado (90% de la poblaci\u00f3n de T\u00e1chira).<\/p>\n","protected":false},"excerpt":{"rendered":"<p>CORRECCI\u00d3N DE 5.105 FUGAS EN SISTEMAS MAYORES DE DISTRIBUCI\u00d3N Con la correcci\u00f3n de\u00a05.105 fugas o botes de agua\u00a0en grandes tuber\u00edas matrices ubicadas en\u00a020\u00a0estados\u00a0(Anzo\u00e1tegui, Amazonas, Apure, Aragua, Barinas, Bol\u00edvar, Carabobo, Distrito Capital, Gu\u00e1rico, Falc\u00f3n, Lara, M\u00e9rida, Miranda, Nueva Esparta, Portuguesa, T\u00e1chira, Trujillo, Sucre, Vargas y Zulia) se logr\u00f3 recuperar\u00a010.916 litros por segundo\u00a0que representan el\u00a09% del total [&hellip;]<\/p>\n","protected":false},"author":2,"featured_media":0,"parent":0,"menu_order":0,"comment_status":"closed","ping_status":"closed","template":"template\/fullwidth.php","meta":{"footnotes":""},"class_list":["post-275","page","type-page","status-publish","hentry"],"_links":{"self":[{"href":"https:\/\/minaguas.gob.ve\/index.php?rest_route=\/wp\/v2\/pages\/275","targetHints":{"allow":["GET"]}}],"collection":[{"href":"https:\/\/minaguas.gob.ve\/index.php?rest_route=\/wp\/v2\/pages"}],"about":[{"href":"https:\/\/minaguas.gob.ve\/index.php?rest_route=\/wp\/v2\/types\/page"}],"author":[{"embeddable":true,"href":"https:\/\/minaguas.gob.ve\/index.php?rest_route=\/wp\/v2\/users\/2"}],"replies":[{"embeddable":true,"href":"https:\/\/minaguas.gob.ve\/index.php?rest_route=%2Fwp%2Fv2%2Fcomments&post=275"}],"version-history":[{"count":0,"href":"https:\/\/minaguas.gob.ve\/index.php?rest_route=\/wp\/v2\/pages\/275\/revisions"}],"wp:attachment":[{"href":"https:\/\/minaguas.gob.ve\/index.php?rest_route=%2Fwp%2Fv2%2Fmedia&parent=275"}],"curies":[{"name":"wp","href":"https:\/\/api.w.org\/{rel}","templated":true}]}}