{"id":256,"date":"2021-08-17T13:39:05","date_gmt":"2021-08-17T17:39:05","guid":{"rendered":"https:\/\/minaguas.gob.ve\/?page_id=256"},"modified":"2021-08-17T13:39:05","modified_gmt":"2021-08-17T17:39:05","slug":"recursos-hidricos-y-su-gestion","status":"publish","type":"page","link":"https:\/\/minaguas.gob.ve\/?page_id=256","title":{"rendered":"RECURSOS H\u00cdDRICOS Y SU GESTI\u00d3N"},"content":{"rendered":"<p><strong>LOS RECURSOS H\u00cdDRICOS Y SU GESTI\u00d3N<\/strong><\/p>\n<p><strong>INTRODUCCI\u00d3N<\/strong><\/p>\n<p>La gesti\u00f3n de las aguas es un elemento fundamental para el desarrollo de los pa\u00edses y el bienestar de la poblaci\u00f3n. La Agenda 2030 para el Desarrollo Sostenible, aprobada en la Asamblea General de las Naciones Unidas en forma un\u00e1nime por sus 193 miembros, incluye un objetivo dedicado especialmente al agua y su gesti\u00f3n, el ODS 6:\u00a0<strong><em>Garantizar la disponibilidad y la gesti\u00f3n sostenible del agua y el saneamiento para todos<\/em><\/strong>\u00a0. En el contexto de esta agenda de desarrollo, se reconoce que su avance efectivo depende de la gesti\u00f3n sostenible de los recursos h\u00eddricos, lo que convierte al ODS 6 en el eje transversal para lograr el cumplimiento de los dem\u00e1s objetivos.<\/p>\n<p><img loading=\"lazy\" decoding=\"async\" class=\"aligncenter wp-image-296 size-full\" src=\"https:\/\/minaguas.gob.ve\/wp-content\/uploads\/2021\/08\/mesas-tecnicas-de-Agua-3-2.jpg\" alt=\"\" width=\"768\" height=\"512\" srcset=\"https:\/\/minaguas.gob.ve\/wp-content\/uploads\/2021\/08\/mesas-tecnicas-de-Agua-3-2.jpg 768w, https:\/\/minaguas.gob.ve\/wp-content\/uploads\/2021\/08\/mesas-tecnicas-de-Agua-3-2-300x200.jpg 300w\" sizes=\"auto, (max-width: 768px) 100vw, 768px\" \/><\/p>\n<p>&nbsp;<\/p>\n<p>Embalse de Camatagua<\/p>\n<p>El Gobierno Bolivariano, reconociendo la importancia del agua y su gesti\u00f3n, publica en 2007 la Ley de Aguas, la cual establece las disposiciones que rigen la gesti\u00f3n integral de las aguas \u201ccomo un elemento indispensable para la vida, el bienestar humano y el desarrollo sustentable del pa\u00eds, y es de car\u00e1cter estrat\u00e9gico e inter\u00e9s de Estado\u201d, tal como se indica en el art\u00edculo 1. Adicionalmente, el presidente Nicol\u00e1s Maduro incorpor\u00f3 los objetivos de la Agenda 2030 en el Plan de la Patria 2019-2025, con lo cual la gesti\u00f3n integral de las aguas cobra mayor relevancia en Venezuela.<\/p>\n<p>El Ministerio del Poder Popular de Atenci\u00f3n de las Aguas, en su car\u00e1cter de Autoridad Nacional de las Aguas y como ente rector del sector en Venezuela, le corresponde la implementaci\u00f3n de la Ley de Aguas, as\u00ed como coordinar y ejecutar acciones para el cumplimiento de las metas asociadas al ODS 6, con el concurso de diversos actores del sector p\u00fablico y privado.<\/p>\n<p><strong>GESTI\u00d3N INTEGRAL DE LAS AGUAS<\/strong><\/p>\n<p>De acuerdo con el art\u00edculo 3 de la Ley de Aguas, la gesti\u00f3n integral de las aguas comprende el conjunto de actividades de \u00edndole t\u00e9cnica, cient\u00edfica, econ\u00f3mica, financiera, institucional, gerencial, jur\u00eddica, entre otras, dirigidas a la conservaci\u00f3n y aprovechamiento del agua en beneficio colectivo, considerando las aguas en todas sus formas y los ecosistemas naturales asociados, las cuencas hidrogr\u00e1ficas que las contienen, los actores e intereses de los usuarios o usuarias, los diferentes niveles territoriales de gobierno y la pol\u00edtica ambiental de ordenaci\u00f3n del territorio y de desarrollo socioecon\u00f3mico del pa\u00eds.<\/p>\n<p>&nbsp;<\/p>\n<p>Embalse Tierra Blanca<\/p>\n<p>La implantaci\u00f3n de la gesti\u00f3n integral de las aguas en Venezuela vincula diferentes entes del sector p\u00fablico con el sector acad\u00e9mico, sector privado y el Poder Popular, en un proceso participativo y protag\u00f3nico de planificaci\u00f3n y ejecuci\u00f3n de acciones. De igual forma, la gesti\u00f3n integral de las aguas est\u00e1 vinculada con los planes de desarrollo nacional, lo cual se evidencia en el Objetivo estrat\u00e9gico 5.2.1 del Plan de la Patria:<\/p>\n<p><strong><em>\u201cPromover acciones en al \u00e1mbito nacional e internacional para la protecci\u00f3n, conservaci\u00f3n y gesti\u00f3n sustentable de \u00e1reas estrat\u00e9gicas, tales como fuentes y reservorios de agua dulce (superficial y subterr\u00e1nea), cuencas hidrogr\u00e1ficas, diversidad biol\u00f3gica, mares, oc\u00e9anos y bosques\u201d.<\/em><\/strong><\/p>\n<p>En este mismo sentido, cuando el Estado venezolano incorpora los objetivos y metas de la Agenda 2030 en el Plan de la Patria, se asume el objetivo 6 y en particular la meta 6.5 como un compromiso en el avance en la implantaci\u00f3n de la gesti\u00f3n integral de las aguas.<\/p>\n<p><strong><em>Meta 6.5: \u201cDe aqu\u00ed a 2030, implementar la gesti\u00f3n integrada de los recursos h\u00eddricos a todos los niveles, incluso mediante la cooperaci\u00f3n transfronteriza, seg\u00fan proceda\u201d.<\/em><\/strong><\/p>\n<p><strong>INSTRUMENTOS DE GESTI\u00d3N<\/strong>: en el art\u00edculo 40 de la Ley de Aguas se indican los diversos instrumentos que dispone el Gobierno Bolivariano para lograr la gesti\u00f3n integral de las aguas. En concordancia con el esp\u00edritu de la ley, en cada uno de estos instrumentos hay mecanismos de participaci\u00f3n para los distintos sectores interesados en el aprovechamiento y conservaci\u00f3n de las aguas. Estos instrumentos de gesti\u00f3n son los siguientes:<\/p>\n<p>&nbsp;<\/p>\n<ul>\n<li><strong>* El subsistema de informaci\u00f3n de las aguas:\u00a0<\/strong>forma parte del sistema de informaci\u00f3n ambiental y comprende actividades de recolecci\u00f3n, procesamiento, sistematizaci\u00f3n, almacenamiento y divulgaci\u00f3n de datos e informaci\u00f3n de tipo: hidrometeorol\u00f3gico, hidrogeol\u00f3gico, fisiogr\u00e1fico, morfom\u00e9trico y de calidad de aguas, entre otros. Las fuentes de informaci\u00f3n provienen del sector p\u00fablico y privado.<\/li>\n<\/ul>\n<p>&nbsp;<\/p>\n<ul>\n<li><strong>* Los planes de gesti\u00f3n integral de las aguas:<\/strong>\u00a0orientar\u00e1n la gesti\u00f3n integral de las aguas y constituir\u00e1n instrumentos flexibles, din\u00e1micos, prospectivos y transversales que permitir\u00e1n prever y enfrentar situaciones cambiantes del entorno que directa o indirectamente afecten al recurso. El sistema de planificaci\u00f3n para la gesti\u00f3n integral de las aguas incluye un plan nacional de car\u00e1cter estrat\u00e9gico y un horizonte de largo plazo; planes de regi\u00f3n hidrogr\u00e1fica que desarrollar\u00e1n las directrices del plan nacional a escala de cada regi\u00f3n; y los planes de cuenca hidrogr\u00e1fica que desarrollar\u00e1n y adaptar\u00e1n los planes de regi\u00f3n hidrogr\u00e1fica en el \u00e1mbito de las cuencas.<\/li>\n<\/ul>\n<p>&nbsp;<\/p>\n<ul>\n<li><strong>* El control administrativo previo para el uso de las aguas:<\/strong>\u00a0la Ley de Aguas desarrolla un sistema de control administrativo para los usos de abastecimiento a poblaciones, agr\u00edcolas, actividades industriales, generaci\u00f3n de energ\u00eda hidroel\u00e9ctrica y comerciales. Estos usos est\u00e1n sujetos a la tramitaci\u00f3n de concesiones, asignaciones o licencias ante el Ministerio de Atenci\u00f3n de las Aguas.<\/li>\n<\/ul>\n<p>&nbsp;<\/p>\n<ul>\n<li><strong>* El registro nacional de usuarios y usuarias de las fuentes de las aguas:<\/strong>\u00a0es un sistema automatizado de cobertura nacional para el manejo de datos e informaci\u00f3n de los distintos usos de las aguas continentales superficiales y subterr\u00e1neas, marinas e insulares. Sirve de instrumento de apoyo para el control administrativo de los usos del recurso y los planes de gesti\u00f3n integral de las aguas, as\u00ed como para la protecci\u00f3n de los derechos de los usuarios y usuarias.<\/li>\n<\/ul>\n<p>&nbsp;<\/p>\n<p><strong>El sistema econ\u00f3mico financiero:<\/strong>\u00a0tiene como objetivo asegurar el adecuado financiamiento de los instrumentos de gesti\u00f3n definidos en la ley, as\u00ed como estimular el uso eficiente de las fuentes de agua para contribuir con la sustentabilidad del recurso. Incluye al Fondo Nacional para la Gesti\u00f3n Integral de las Aguas (FONAGUAS). Las fuentes de ingreso y los gastos a financiar se indican en la siguiente figura:<\/p>\n<p><img loading=\"lazy\" decoding=\"async\" class=\"aligncenter wp-image-291 size-full\" src=\"https:\/\/minaguas.gob.ve\/wp-content\/uploads\/2021\/08\/gf-01.png\" alt=\"\" width=\"564\" height=\"390\" srcset=\"https:\/\/minaguas.gob.ve\/wp-content\/uploads\/2021\/08\/gf-01.png 564w, https:\/\/minaguas.gob.ve\/wp-content\/uploads\/2021\/08\/gf-01-300x207.png 300w\" sizes=\"auto, (max-width: 564px) 100vw, 564px\" \/><\/p>\n<p><strong>INSTITUCIONALIDAD DE LAS AGUAS:<\/strong>\u00a0la Ley de Aguas establece un sistema de organizaci\u00f3n institucional para lograr la gesti\u00f3n integral de las aguas. En los siguientes gr\u00e1ficos se indica la estructura de este sistema y la composici\u00f3n y funciones de cada componente.<\/p>\n<p><strong>ORGANIZACI\u00d3N INSTITUCIONAL PARA LA GESTI\u00d3N INTEGRAL DE LAS AGUAS<\/strong><\/p>\n<p>&nbsp;<\/p>\n<p><img loading=\"lazy\" decoding=\"async\" class=\"aligncenter wp-image-292 size-full\" src=\"https:\/\/minaguas.gob.ve\/wp-content\/uploads\/2021\/08\/gf-02.png\" alt=\"\" width=\"207\" height=\"392\" srcset=\"https:\/\/minaguas.gob.ve\/wp-content\/uploads\/2021\/08\/gf-02.png 207w, https:\/\/minaguas.gob.ve\/wp-content\/uploads\/2021\/08\/gf-02-158x300.png 158w\" sizes=\"auto, (max-width: 207px) 100vw, 207px\" \/><\/p>\n<p>&nbsp;<\/p>\n<p><strong>CONSEJO NACIONAL DE LAS AGUAS (CONAGUAS)<\/strong><\/p>\n<p>Es una instancia de consulta y concertaci\u00f3n para la gesti\u00f3n integral de las aguas. Su conformaci\u00f3n se indica en el gr\u00e1fico<\/p>\n<p><strong>CONSEJOS DE REGI\u00d3N HIDROGR\u00c1FICA<\/strong><\/p>\n<p>Son instancias de consulta, participaci\u00f3n y toma de decisiones para la gesti\u00f3n integral de las aguas.<\/p>\n<p><img loading=\"lazy\" decoding=\"async\" class=\"aligncenter wp-image-293 size-full\" src=\"https:\/\/minaguas.gob.ve\/wp-content\/uploads\/2021\/08\/gf-04.png\" alt=\"\" width=\"505\" height=\"476\" srcset=\"https:\/\/minaguas.gob.ve\/wp-content\/uploads\/2021\/08\/gf-04.png 505w, https:\/\/minaguas.gob.ve\/wp-content\/uploads\/2021\/08\/gf-04-300x283.png 300w\" sizes=\"auto, (max-width: 505px) 100vw, 505px\" \/><br \/>\n<img loading=\"lazy\" decoding=\"async\" class=\"wp-image-294 size-full aligncenter\" src=\"https:\/\/minaguas.gob.ve\/wp-content\/uploads\/2021\/08\/gf-05.png\" alt=\"\" width=\"734\" height=\"447\" srcset=\"https:\/\/minaguas.gob.ve\/wp-content\/uploads\/2021\/08\/gf-05.png 734w, https:\/\/minaguas.gob.ve\/wp-content\/uploads\/2021\/08\/gf-05-300x183.png 300w\" sizes=\"auto, (max-width: 734px) 100vw, 734px\" \/><br \/>\n<strong>CONSEJOS DE CUENCA HIDROGR\u00c1FICA<\/strong><\/p>\n<p>Se crean por decreto presidencial, por recomendaci\u00f3n del correspondiente consejo de regi\u00f3n hidrogr\u00e1fica y el aval del Consejo Nacional de las Aguas. Su funci\u00f3n es elaborar, aprobar y ejecutar el plan de gesti\u00f3n integral de las aguas en el \u00e1mbito de la cuenca.<\/p>\n<p>&nbsp;<\/p>\n<p><strong>UNIDADES DE GESTI\u00d3N:<\/strong>\u00a0Las unidades espaciales de referencia para la organizaci\u00f3n institucional y el manejo de las aguas superficiales y subterr\u00e1neas son, respectivamente: las regiones y cuencas hidrogr\u00e1ficas y las provincias y cuencas hidrogeol\u00f3gicas.<\/p>\n<p><img loading=\"lazy\" decoding=\"async\" class=\"aligncenter wp-image-295 size-full\" src=\"https:\/\/minaguas.gob.ve\/wp-content\/uploads\/2021\/08\/gf-06.png\" alt=\"\" width=\"487\" height=\"470\" srcset=\"https:\/\/minaguas.gob.ve\/wp-content\/uploads\/2021\/08\/gf-06.png 487w, https:\/\/minaguas.gob.ve\/wp-content\/uploads\/2021\/08\/gf-06-300x290.png 300w\" sizes=\"auto, (max-width: 487px) 100vw, 487px\" \/><\/p>\n","protected":false},"excerpt":{"rendered":"<p>LOS RECURSOS H\u00cdDRICOS Y SU GESTI\u00d3N INTRODUCCI\u00d3N La gesti\u00f3n de las aguas es un elemento fundamental para el desarrollo de los pa\u00edses y el bienestar de la poblaci\u00f3n. La Agenda 2030 para el Desarrollo Sostenible, aprobada en la Asamblea General de las Naciones Unidas en forma un\u00e1nime por sus 193 miembros, incluye un objetivo dedicado [&hellip;]<\/p>\n","protected":false},"author":2,"featured_media":0,"parent":0,"menu_order":0,"comment_status":"closed","ping_status":"closed","template":"template\/fullwidth.php","meta":{"footnotes":""},"class_list":["post-256","page","type-page","status-publish","hentry"],"_links":{"self":[{"href":"https:\/\/minaguas.gob.ve\/index.php?rest_route=\/wp\/v2\/pages\/256","targetHints":{"allow":["GET"]}}],"collection":[{"href":"https:\/\/minaguas.gob.ve\/index.php?rest_route=\/wp\/v2\/pages"}],"about":[{"href":"https:\/\/minaguas.gob.ve\/index.php?rest_route=\/wp\/v2\/types\/page"}],"author":[{"embeddable":true,"href":"https:\/\/minaguas.gob.ve\/index.php?rest_route=\/wp\/v2\/users\/2"}],"replies":[{"embeddable":true,"href":"https:\/\/minaguas.gob.ve\/index.php?rest_route=%2Fwp%2Fv2%2Fcomments&post=256"}],"version-history":[{"count":0,"href":"https:\/\/minaguas.gob.ve\/index.php?rest_route=\/wp\/v2\/pages\/256\/revisions"}],"wp:attachment":[{"href":"https:\/\/minaguas.gob.ve\/index.php?rest_route=%2Fwp%2Fv2%2Fmedia&parent=256"}],"curies":[{"name":"wp","href":"https:\/\/api.w.org\/{rel}","templated":true}]}}