{"id":251,"date":"2021-08-17T12:37:20","date_gmt":"2021-08-17T16:37:20","guid":{"rendered":"https:\/\/minaguas.gob.ve\/?page_id=251"},"modified":"2021-08-17T12:37:20","modified_gmt":"2021-08-17T16:37:20","slug":"direccion-general-de-desarrollo-tecnologico-y-plantas-desalinizadoras","status":"publish","type":"page","link":"https:\/\/minaguas.gob.ve\/?page_id=251","title":{"rendered":"DIRECCI\u00d3N GENERAL DE DESARROLLO TECNOL\u00d3GICO Y PLANTAS DESALINIZADORAS"},"content":{"rendered":"<h2 class=\"headertekst\" style=\"text-align: center;\">DIRECCI\u00d3N GENERAL DE DESARROLLO TECNOL\u00d3GICO Y PLANTAS DESALINIZADORAS<\/h2>\n<p>&nbsp;<\/p>\n<h3 style=\"text-align: center;\"><strong>PLANTAS DESALINIZADORAS<\/strong><\/h3>\n<p>La desalinizaci\u00f3n es el proceso mediante el cual se puede eliminar la sal del agua de mar o agua salobre, para ello se emplea plantas desalinizadoras.<\/p>\n<p><strong>Desalinizaci\u00f3n en el Ministerio de Atenci\u00f3n para las Aguas:<\/strong><\/p>\n<p>Durante la creaci\u00f3n del Ministerio para la Atenci\u00f3n de las Aguas, se logr\u00f3 la extensi\u00f3n de operaciones por parte de las empresas constructoras de las plantas port\u00e1tiles, la conexi\u00f3n a las redes de acueducto y el suministro de consumibles por 2 a\u00f1os, por otro lado, en las plantas grandes se complet\u00f3 la capacitaci\u00f3n del personal venezolano que operar\u00e1 la planta de Vargas, se inici\u00f3 el plan de recorridos educativos dentro de la planta para dar a conocer a la ciudadan\u00eda esta nueva tecnolog\u00eda, adem\u00e1s se iniciaron las pruebas para la comercializaci\u00f3n de agua desalinizada embotellada.<\/p>\n<p><strong>Innovaci\u00f3n en desalinizaci\u00f3n: El uso del agua de mar con miras al futuro<\/strong><\/p>\n<p>La necesidad de crear instalaciones industriales que asegurar\u00e1n el suministro de agua en zonas con escasez de este recurso estrat\u00e9gico, desencaden\u00f3 una serie de innovaciones que m\u00e1s tarde ser\u00edan de gran utilidad para las comunidades y la industria.<\/p>\n<p>El proceso de separaci\u00f3n de las sales del agua, ha permitido entregar seguridad y continuidad de abastecimiento tanto a la poblaci\u00f3n como a la industria.<\/p>\n<p>Por lo que se debe impulsar esta t\u00e9cnica para obtener agua dulce, sobre todo en las costas venezolanas, regiones sin una larga experiencia en la utilizaci\u00f3n de la desalaci\u00f3n, pero que con el dominio de esa t\u00e9cnica.<\/p>\n<p>Venezuela ha incrementado su experiencia respecto a la utilizaci\u00f3n de la desalinizaci\u00f3n, por eso se debe impulsar esta t\u00e9cnica, ya existen t\u00e9cnicos para encabezar el desarrollo de innovaciones en esta materia.<\/p>\n<p>Ya existen avances importantes, este proceso a\u00fan plantea desaf\u00edos en el mediano plazo para el sector.<\/p>\n<p><strong>Desalinizaci\u00f3n cronograma ilustrativo del proceso<\/strong><\/p>\n<p>&nbsp;<\/p>\n<p><img loading=\"lazy\" decoding=\"async\" class=\"wp-image-254 size-full aligncenter\" src=\"https:\/\/minaguas.gob.ve\/wp-content\/uploads\/2021\/08\/Desalinizadoras.png\" alt=\"\" width=\"591\" height=\"282\" srcset=\"https:\/\/minaguas.gob.ve\/wp-content\/uploads\/2021\/08\/Desalinizadoras.png 591w, https:\/\/minaguas.gob.ve\/wp-content\/uploads\/2021\/08\/Desalinizadoras-300x143.png 300w\" sizes=\"auto, (max-width: 591px) 100vw, 591px\" \/><\/p>\n<p>01.- Captaci\u00f3n: es la forma en la cual se trae el agua salada a la planta desalinizadora, puede ser mediante toma directa al mar con una toma submarina o mediante pozos profundos de agua salobre.<\/p>\n<p>02.- Almacenamiento de agua salada: el agua captada del mar se almacena en tanques de concreto conocidos como desarenadores para sedimentar las arenas que son arrastradas en el proceso de succi\u00f3n y a tanques de pl\u00e1sticos en los casos donde el agua proviene de los pozos profundos.<\/p>\n<p>03.- Bombeo de alta presi\u00f3n: el agua almacenada pasa a trav\u00e9s de los filtros multimedia, de cartucho y manga, hasta llegar a la bomba de alta presi\u00f3n que eleva el agua hasta 800psi para atravesar las membranas de osmosis.<\/p>\n<p>04.- Osmosis inversa: el agua a alta presi\u00f3n atraviesa las membranas reteniendo las sales y permitiendo el permeado del 40% del agua salada convirti\u00e9ndola en agua dulce.<\/p>\n<p>05.- Almacenamiento del agua producto: una vez desalinizada el agua se procede a almacenar en tanques de agua dulce, desde donde se bombea a la red de acueducto m\u00e1s cercana a la planta.<\/p>\n<p>06.- Descarga de la salmuera: el 60% del agua no se logra desalinizar y sirve como el conductor de las sales remanentes en la membrana elevando su salinidad, esta agua se conoce como agua de rechazo y es devuelta al mar a trav\u00e9s de un tubo sumergido.<\/p>\n<p><strong>Alcance de la desalinizaci\u00f3n en Venezuela:<\/strong><\/p>\n<p>A ra\u00edz del fen\u00f3meno del ni\u00f1o en el 2015, los niveles en 60% de los embalses a nivel nacional redujeron su cota a niveles m\u00ednimos de operaci\u00f3n, en tal sentido, el gobierno de Venezuela busca los medios de garantizar una fuente segura y confiable de agua potable para su pueblo, por tal raz\u00f3n en el 2015 se firma la compra de 3 grandes plantas desalinizadoras para los estados, Falc\u00f3n, Vargas y Nueva Esparta que aportar\u00edan 300lps, seguidamente en el a\u00f1o 2017 se firma la compra de 116 peque\u00f1as plantas desalinizadoras port\u00e1tiles para distribuirlas a lo largo de la zona costera del pa\u00eds que aportar\u00edan 512lps.<\/p>\n","protected":false},"excerpt":{"rendered":"<p>DIRECCI\u00d3N GENERAL DE DESARROLLO TECNOL\u00d3GICO Y PLANTAS DESALINIZADORAS &nbsp; PLANTAS DESALINIZADORAS La desalinizaci\u00f3n es el proceso mediante el cual se puede eliminar la sal del agua de mar o agua salobre, para ello se emplea plantas desalinizadoras. Desalinizaci\u00f3n en el Ministerio de Atenci\u00f3n para las Aguas: Durante la creaci\u00f3n del Ministerio para la Atenci\u00f3n de [&hellip;]<\/p>\n","protected":false},"author":2,"featured_media":0,"parent":0,"menu_order":0,"comment_status":"closed","ping_status":"closed","template":"","meta":{"footnotes":""},"class_list":["post-251","page","type-page","status-publish","hentry"],"_links":{"self":[{"href":"https:\/\/minaguas.gob.ve\/index.php?rest_route=\/wp\/v2\/pages\/251","targetHints":{"allow":["GET"]}}],"collection":[{"href":"https:\/\/minaguas.gob.ve\/index.php?rest_route=\/wp\/v2\/pages"}],"about":[{"href":"https:\/\/minaguas.gob.ve\/index.php?rest_route=\/wp\/v2\/types\/page"}],"author":[{"embeddable":true,"href":"https:\/\/minaguas.gob.ve\/index.php?rest_route=\/wp\/v2\/users\/2"}],"replies":[{"embeddable":true,"href":"https:\/\/minaguas.gob.ve\/index.php?rest_route=%2Fwp%2Fv2%2Fcomments&post=251"}],"version-history":[{"count":0,"href":"https:\/\/minaguas.gob.ve\/index.php?rest_route=\/wp\/v2\/pages\/251\/revisions"}],"wp:attachment":[{"href":"https:\/\/minaguas.gob.ve\/index.php?rest_route=%2Fwp%2Fv2%2Fmedia&parent=251"}],"curies":[{"name":"wp","href":"https:\/\/api.w.org\/{rel}","templated":true}]}}