{"id":239,"date":"2021-08-17T11:13:08","date_gmt":"2021-08-17T15:13:08","guid":{"rendered":"https:\/\/minaguas.gob.ve\/?page_id=239"},"modified":"2021-08-17T11:17:16","modified_gmt":"2021-08-17T15:17:16","slug":"direccion-general-de-organizacion-comunal-para-la-gestion-del-agua","status":"publish","type":"page","link":"https:\/\/minaguas.gob.ve\/?page_id=239","title":{"rendered":"DIRECCI\u00d3N GENERAL DE ORGANIZACI\u00d3N COMUNAL PARA LA GESTI\u00d3N DEL AGUA"},"content":{"rendered":"<p style=\"text-align: center;\">DIRECCI\u00d3N GENERAL DE ORGANIZACI\u00d3N COMUNAL PARA LA GESTI\u00d3N DEL AGUA<\/p>\n<p>&nbsp;<\/p>\n<p>Las Mesas T\u00e9cnicas de Agua (MTA) son instancias p\u00fablicas, peri\u00f3dicas y permanentes (comportamiento 3P), en las que se encuentra activamente la participaci\u00f3n del pueblo para discutir sobre todos los aspectos que comprenden el servicio de agua potable, uso responsable y saneamiento.<\/p>\n<div class=\"elementor-text-editor elementor-clearfix\">\n<p>Las MTA son el \u00f3rgano de agregaci\u00f3n comunitaria en donde el pueblo est\u00e1 para conocer y transformar la realidad del agua en tanto recursos estrat\u00e9gicos, derecho humano, bien com\u00fan, la prestaci\u00f3n del servicio y la cultura revolucionaria del agua, logrando comprender su integralidad y as\u00ed garantizar un servicio \u00f3ptimo a la poblaci\u00f3n que atiende, incorporando a las y los beneficiarios del servicio a un modelo de gesti\u00f3n corresponsable, alcanzando saldos organizativos alrededor de una problem\u00e1tica concreta.<\/p>\n<div class=\"elementor-text-editor elementor-clearfix\">\n<p style=\"text-align: center;\"><strong>Principios de acci\u00f3n y competencia de las Mesas T\u00e9cnicas de Agua<\/strong><\/p>\n<div class=\"elementor-text-editor elementor-clearfix\">\n<p>Las MTA son organizaciones que nacieron de una iniciativa autogestionaria del Poder Popular, por ende son vinculantes al Consejo Ejecutivo, principal \u00f3rgano para la ejecuci\u00f3n de las pol\u00edticas p\u00fablicas en el territorio de la comuna, a trav\u00e9s de sus Comit\u00e9s de Gesti\u00f3n, quienes se encargan de articular toda la pol\u00edtica de trabajo en la \u00e1reas de salud, derechos humanos, servicios, tierra urbana, vivienda y h\u00e1bitat entre otras. Por tanto, las MTA constituidas por los voceros y voceras de los comit\u00e9s de mesas t\u00e9cnicas de agua, termina siendo por agregaci\u00f3n y competencia pol\u00edtica y jur\u00eddica, el Comit\u00e9 de Gesti\u00f3n del Agua de la Comuna.<\/p>\n<p><img loading=\"lazy\" decoding=\"async\" class=\"aligncenter wp-image-243 size-full\" src=\"https:\/\/minaguas.gob.ve\/wp-content\/uploads\/2021\/08\/Principios-de-accion-y-competencia-de-las-Mesas-Tecnicas-de-Agua-768x512-1.jpg\" alt=\"\" width=\"768\" height=\"512\" srcset=\"https:\/\/minaguas.gob.ve\/wp-content\/uploads\/2021\/08\/Principios-de-accion-y-competencia-de-las-Mesas-Tecnicas-de-Agua-768x512-1.jpg 768w, https:\/\/minaguas.gob.ve\/wp-content\/uploads\/2021\/08\/Principios-de-accion-y-competencia-de-las-Mesas-Tecnicas-de-Agua-768x512-1-300x200.jpg 300w\" sizes=\"auto, (max-width: 768px) 100vw, 768px\" \/><\/p>\n<\/div>\n<p>Le toca entonces a la Comuna y su MTA (o Comit\u00e9 de Gesti\u00f3n del Agua), la identificaci\u00f3n y planteamiento de la problem\u00e1tica a resolver, que puede ser la soluci\u00f3n puntual de una falla o dificultad en el servicio de agua potable o aguas servidas, hasta la necesidad de garantizar la distribuci\u00f3n adecuada, uso responsable y atenci\u00f3n permanente para la prestaci\u00f3n eficiente del servicio.<\/p>\n<div class=\"elementor-text-editor elementor-clearfix\">\n<p><strong>Integrantes de las Mesas T\u00e9cnicas de Agua en el marco del Gobierno Popular de las Aguas<\/strong><img loading=\"lazy\" decoding=\"async\" class=\"wp-image-241 size-full aligncenter\" src=\"https:\/\/minaguas.gob.ve\/wp-content\/uploads\/2021\/08\/mesas_tecnicas_del_agua_1-768x576-1.jpg\" alt=\"\" width=\"768\" height=\"576\" srcset=\"https:\/\/minaguas.gob.ve\/wp-content\/uploads\/2021\/08\/mesas_tecnicas_del_agua_1-768x576-1.jpg 768w, https:\/\/minaguas.gob.ve\/wp-content\/uploads\/2021\/08\/mesas_tecnicas_del_agua_1-768x576-1-300x225.jpg 300w\" sizes=\"auto, (max-width: 768px) 100vw, 768px\" \/>*Todos los voceros y voceras de los Comit\u00e9s de Mesas T\u00e9cnicas de Agua de los Consejos Comunales.<\/p>\n<\/div>\n<ul>\n<li>*Miembros de organizaciones sociales vinculadas al sector.<\/li>\n<li>*Miembros de mesas t\u00e9cnicas de servicios registradas vinculadas al agua.<\/li>\n<li>*Las MTA son la m\u00e1xima instancia de participaci\u00f3n popular que dar\u00e1 vida al Gobierno Popular de las Aguas.<\/li>\n<\/ul>\n<p>&nbsp;<\/p>\n<div class=\"elementor-text-editor elementor-clearfix\">\n<p><strong>Conformaci\u00f3n de las Mesas T\u00e9cnicas de Agua<\/strong><\/p>\n<div class=\"elementor-text-editor elementor-clearfix\">\n<p>El Plano o Croquis: presentar gr\u00e1ficamente, dibujar en un papel c\u00f3mo est\u00e1n conformadas las redes de Agua Potable y Aguas Servidas, con el fin de comprender y visualizar mejor el problema dentro de la Comuna.<br \/>\n<img loading=\"lazy\" decoding=\"async\" class=\"wp-image-241 size-full aligncenter\" src=\"https:\/\/minaguas.gob.ve\/wp-content\/uploads\/2021\/08\/mesas_tecnicas_del_agua_1-768x576-1.jpg\" alt=\"\" width=\"768\" height=\"576\" srcset=\"https:\/\/minaguas.gob.ve\/wp-content\/uploads\/2021\/08\/mesas_tecnicas_del_agua_1-768x576-1.jpg 768w, https:\/\/minaguas.gob.ve\/wp-content\/uploads\/2021\/08\/mesas_tecnicas_del_agua_1-768x576-1-300x225.jpg 300w\" sizes=\"auto, (max-width: 768px) 100vw, 768px\" \/><\/p>\n<\/div>\n<p>El Censo del Agua: Consiste en la recolecci\u00f3n de toda la informaci\u00f3n socio \u2013 demogr\u00e1fica actualizada necesaria para enfrentar el problema.<\/p>\n<div class=\"elementor-text-editor elementor-clearfix\">\n<p>Recorridos\/Plan Sectorial del Agua: las visitas a los espacios de la comunidad, observar, detectar y verificar directamente los problemas, los ciclos de abastecimiento en los sectores y las condiciones de las redes de Agua Potable y Aguas Servidas, que permita la construcci\u00f3n de un Plan Sectorial en materia del Agua.<\/p>\n<div class=\"elementor-text-editor elementor-clearfix\">\n<p><strong>Consejo Comunitario del Agua (CCA)<\/strong><\/p>\n<div class=\"elementor-text-editor elementor-clearfix\">\n<p>Es la instancia en donde se encuentran las MTA con la Hidrol\u00f3gica, convergiendo las diversas Mesas T\u00e9cnica de Agua que forman parte del mismo circuito o sistema hidr\u00e1ulico, para as\u00ed planificar, hacer seguimiento, controlar y rendir cuenta del servicio de agua potable y saneamiento que se presta, como de las obras que se ejecutan en la zona.<\/p>\n<div class=\"elementor-text-editor elementor-clearfix\">\n<p>Estos espacios, adem\u00e1s de contribuir a la mejora del servicio, potencian la participaci\u00f3n protag\u00f3nica y promueven la actuaci\u00f3n directa de la comunidad organizada en la toma de decisiones y ejecuci\u00f3n operativa.<\/p>\n<div class=\"elementor-text-editor elementor-clearfix\">\n<p><strong>Salas de Gesti\u00f3n Comunitaria del Agua<\/strong><\/p>\n<div class=\"elementor-text-editor elementor-clearfix\">\n<p>Son espacios de articulaci\u00f3n y gesti\u00f3n t\u00e9cnico comunitaria donde el Poder Popular organizado se apropia del conocimiento sobre las necesidades, ciclos de suministro y condiciones del servicio tanto en la localidad como en el acueducto, generando estrategias para la contralor\u00eda social del servicio, la atenci\u00f3n directa del mantenimiento preventivo y correctivo en redes de agua potable y saneamiento en las zonas de influencia del territorio y la planificaci\u00f3n de la ampliaci\u00f3n de infraestructura para avanzar en cobertura y continuidad.<\/p>\n<div class=\"elementor-text-editor elementor-clearfix\">\n<p>Se pueden constituir a partir de uno o m\u00e1s Consejos Comunitarios de Agua, y son la base para la evaluaci\u00f3n de experiencias para la Transferencia del Servicio.<\/p>\n<div class=\"elementor-text-editor elementor-clearfix\">\n<p><strong>Reimpulso de las Mesas T\u00e9cnicas de Agua y Nueva Cultura del Agua<\/strong><\/p>\n<ul>\n<li style=\"list-style-type: none;\">\n<ul>\n<li>*Certificaci\u00f3n de saberes a 158 trabajadores y trabajadoras de las Hidrol\u00f3gicas a trav\u00e9s del INCES.<\/li>\n<li>*Inicio del 1er Diplomado de Gesti\u00f3n Integral del Recurso H\u00eddrico, con la Escuela Venezolana de Planificaci\u00f3n y el Ministerio del Popular para la Atenci\u00f3n de las Aguas.<\/li>\n<li>*Acompa\u00f1amiento en el Plan Vacacional Escuelas Abiertas en Victoria 2018, con el Programa Educativo El Agua en Nuestras Vidas, atendiendo a 1356 Ni\u00f1as, Ni\u00f1os y Adolescentes en los espacios escolares.<\/li>\n<li>*Acompa\u00f1amiento al Inicio del a\u00f1o escolar 2018-2019 \u201cEducando en Comunidad\u201d, con el Programa Educativo el Agua en Nuestras Vidas, junto con los colectivos intersectoriales de Educaci\u00f3n Ambiental Estatales.<\/li>\n<\/ul>\n<\/li>\n<\/ul>\n<p><img loading=\"lazy\" decoding=\"async\" class=\"aligncenter wp-image-242 size-full\" src=\"https:\/\/minaguas.gob.ve\/wp-content\/uploads\/2021\/08\/mesas_tecnicas_del_agua_3.jpg\" alt=\"\" width=\"720\" height=\"480\" srcset=\"https:\/\/minaguas.gob.ve\/wp-content\/uploads\/2021\/08\/mesas_tecnicas_del_agua_3.jpg 720w, https:\/\/minaguas.gob.ve\/wp-content\/uploads\/2021\/08\/mesas_tecnicas_del_agua_3-300x200.jpg 300w\" sizes=\"auto, (max-width: 720px) 100vw, 720px\" \/><\/p>\n<\/div>\n<\/div>\n<\/div>\n<\/div>\n<\/div>\n<\/div>\n<\/div>\n<\/div>\n<\/div>\n<\/div>\n<\/div>\n","protected":false},"excerpt":{"rendered":"<p>DIRECCI\u00d3N GENERAL DE ORGANIZACI\u00d3N COMUNAL PARA LA GESTI\u00d3N DEL AGUA &nbsp; Las Mesas T\u00e9cnicas de Agua (MTA) son instancias p\u00fablicas, peri\u00f3dicas y permanentes (comportamiento 3P), en las que se encuentra activamente la participaci\u00f3n del pueblo para discutir sobre todos los aspectos que comprenden el servicio de agua potable, uso responsable y saneamiento. Las MTA son [&hellip;]<\/p>\n","protected":false},"author":2,"featured_media":0,"parent":0,"menu_order":0,"comment_status":"closed","ping_status":"closed","template":"template\/fullwidth.php","meta":{"footnotes":""},"class_list":["post-239","page","type-page","status-publish","hentry"],"_links":{"self":[{"href":"https:\/\/minaguas.gob.ve\/index.php?rest_route=\/wp\/v2\/pages\/239","targetHints":{"allow":["GET"]}}],"collection":[{"href":"https:\/\/minaguas.gob.ve\/index.php?rest_route=\/wp\/v2\/pages"}],"about":[{"href":"https:\/\/minaguas.gob.ve\/index.php?rest_route=\/wp\/v2\/types\/page"}],"author":[{"embeddable":true,"href":"https:\/\/minaguas.gob.ve\/index.php?rest_route=\/wp\/v2\/users\/2"}],"replies":[{"embeddable":true,"href":"https:\/\/minaguas.gob.ve\/index.php?rest_route=%2Fwp%2Fv2%2Fcomments&post=239"}],"version-history":[{"count":0,"href":"https:\/\/minaguas.gob.ve\/index.php?rest_route=\/wp\/v2\/pages\/239\/revisions"}],"wp:attachment":[{"href":"https:\/\/minaguas.gob.ve\/index.php?rest_route=%2Fwp%2Fv2%2Fmedia&parent=239"}],"curies":[{"name":"wp","href":"https:\/\/api.w.org\/{rel}","templated":true}]}}