{"id":230,"date":"2021-08-17T10:39:26","date_gmt":"2021-08-17T14:39:26","guid":{"rendered":"https:\/\/minaguas.gob.ve\/?page_id=230"},"modified":"2021-08-17T11:16:26","modified_gmt":"2021-08-17T15:16:26","slug":"direccion-general-para-la-cultura-del-agua","status":"publish","type":"page","link":"https:\/\/minaguas.gob.ve\/?page_id=230","title":{"rendered":"DIRECCI\u00d3N GENERAL PARA LA CULTURA DEL AGUA"},"content":{"rendered":"<p>La Direcci\u00f3n General para la Cultura del Agua se encarga de generar y ejecutar las pol\u00edticas, planes, proyectos y estrategias para la construcci\u00f3n de una nueva cultura del agua, que coadyuve a la sensibilizaci\u00f3n y concientizaci\u00f3n de una ciudadan\u00eda critica, a la formaci\u00f3n productiva para el fortalecimiento del sistema integral de las aguas y al fomento de los saberes identitarios del pueblo para su preservaci\u00f3n como manifestaci\u00f3n, organizaci\u00f3n o patrimonio cultural material o inmaterial de las aguas.<\/p>\n<p>La direcci\u00f3n general para la Cultura del Agua, est\u00e1 constituida por tres direcciones de l\u00ednea:<\/p>\n<ol>\n<li>Direcci\u00f3n para la Siembra Educativa del Agua<\/li>\n<li>Direcci\u00f3n para la Formaci\u00f3n Productiva<\/li>\n<li>Direcci\u00f3n para el Fortalecimiento de los Saberes Identitarios del Agua.<\/li>\n<\/ol>\n<p><strong>1-DIRECCI\u00d3N PARA LA SIEMBRA EDUCATIVA DE LAS AGUAS<\/strong><\/p>\n<p>Propiciar procesos de sensibilizarnos y concienciaci\u00f3n desde la siembra, cosecha, tratamiento, distribuci\u00f3n, uso responsable y eficiente del agua, partiendo de una educaci\u00f3n contextualizada y transformadora en los distintos niveles y modalidades del sistema educativo.<\/p>\n<p><img loading=\"lazy\" decoding=\"async\" class=\"aligncenter wp-image-231 size-full\" src=\"https:\/\/minaguas.gob.ve\/wp-content\/uploads\/2021\/08\/Direccion-Para-la-Siembra-Educativa-de-las-Aguas-768x512-1.jpg\" alt=\"\" width=\"768\" height=\"512\" srcset=\"https:\/\/minaguas.gob.ve\/wp-content\/uploads\/2021\/08\/Direccion-Para-la-Siembra-Educativa-de-las-Aguas-768x512-1.jpg 768w, https:\/\/minaguas.gob.ve\/wp-content\/uploads\/2021\/08\/Direccion-Para-la-Siembra-Educativa-de-las-Aguas-768x512-1-300x200.jpg 300w\" sizes=\"auto, (max-width: 768px) 100vw, 768px\" \/><\/p>\n<p><strong>2-DIRECCI\u00d3N PARA FORMACI\u00d3N PRODUCTIVA DEL AGUA<\/strong><\/p>\n<p>La Direcci\u00f3n para la Formaci\u00f3n Productiva del Agua impulsa los espacios de formaci\u00f3n, investigaci\u00f3n e innovaci\u00f3n vinculados al proceso social, cient\u00edfico y tecnol\u00f3gico del agua, que permitan aumentar los niveles de eficiencia y productividad del sector h\u00eddrico<strong>.<\/strong><\/p>\n<p><img loading=\"lazy\" decoding=\"async\" class=\"aligncenter wp-image-235 size-full\" src=\"https:\/\/minaguas.gob.ve\/wp-content\/uploads\/2021\/08\/11111.jpg\" alt=\"\" width=\"768\" height=\"512\" srcset=\"https:\/\/minaguas.gob.ve\/wp-content\/uploads\/2021\/08\/11111.jpg 768w, https:\/\/minaguas.gob.ve\/wp-content\/uploads\/2021\/08\/11111-300x200.jpg 300w\" sizes=\"auto, (max-width: 768px) 100vw, 768px\" \/><\/p>\n<p>&nbsp;<\/p>\n<p><strong>3-FORTALECIMIENTO DE SABERES IDENTITARIOS DEL AGUA<\/strong><\/p>\n<p>Fomentar y difundir los saberes y las pr\u00e1cticas identitarias del pueblo vinculadas a las aguas, para la preservaci\u00f3n de sus manifestaciones, tradiciones, luchas y patrimonios materiales e inmateriales que tributen a la revaloraci\u00f3n de la historia de las aguas en el pa\u00eds<\/p>\n<p><img loading=\"lazy\" decoding=\"async\" class=\"aligncenter wp-image-234 size-full\" src=\"https:\/\/minaguas.gob.ve\/wp-content\/uploads\/2021\/08\/222333.jpg\" alt=\"\" width=\"768\" height=\"512\" srcset=\"https:\/\/minaguas.gob.ve\/wp-content\/uploads\/2021\/08\/222333.jpg 768w, https:\/\/minaguas.gob.ve\/wp-content\/uploads\/2021\/08\/222333-300x200.jpg 300w\" sizes=\"auto, (max-width: 768px) 100vw, 768px\" \/><\/p>\n<p>Estas tres direcciones, desarrollan sus l\u00edneas de acci\u00f3n bajo la premisa de fomentar los valores y conceptos necesarios para la construcci\u00f3n de una nueva cultura del agua, capaz de reconocer y valorar este vital liquido como un derecho humano y no como una mercanc\u00eda, como un recurso estrat\u00e9gico para la Patria, del cual se debe impulsar el conocimiento y los saberes de las aguas para alcanzar la independencia de su proceso productivo, y como un elemento que impulsa la organizaci\u00f3n comunitaria para la gesti\u00f3n y cogesti\u00f3n de los servicios, teniendo como fin \u00faltimo la transferencia del servicio a la comunidad organizada y emerja el gobierno popular de las aguas.<img loading=\"lazy\" decoding=\"async\" class=\"wp-image-236 size-full aligncenter\" src=\"https:\/\/minaguas.gob.ve\/wp-content\/uploads\/2021\/08\/333333.jpg\" alt=\"\" width=\"768\" height=\"512\" srcset=\"https:\/\/minaguas.gob.ve\/wp-content\/uploads\/2021\/08\/333333.jpg 768w, https:\/\/minaguas.gob.ve\/wp-content\/uploads\/2021\/08\/333333-300x200.jpg 300w\" sizes=\"auto, (max-width: 768px) 100vw, 768px\" \/><\/p>\n","protected":false},"excerpt":{"rendered":"<p>La Direcci\u00f3n General para la Cultura del Agua se encarga de generar y ejecutar las pol\u00edticas, planes, proyectos y estrategias para la construcci\u00f3n de una nueva cultura del agua, que coadyuve a la sensibilizaci\u00f3n y concientizaci\u00f3n de una ciudadan\u00eda critica, a la formaci\u00f3n productiva para el fortalecimiento del sistema integral de las aguas y al [&hellip;]<\/p>\n","protected":false},"author":2,"featured_media":0,"parent":0,"menu_order":0,"comment_status":"closed","ping_status":"closed","template":"template\/fullwidth.php","meta":{"footnotes":""},"class_list":["post-230","page","type-page","status-publish","hentry"],"_links":{"self":[{"href":"https:\/\/minaguas.gob.ve\/index.php?rest_route=\/wp\/v2\/pages\/230","targetHints":{"allow":["GET"]}}],"collection":[{"href":"https:\/\/minaguas.gob.ve\/index.php?rest_route=\/wp\/v2\/pages"}],"about":[{"href":"https:\/\/minaguas.gob.ve\/index.php?rest_route=\/wp\/v2\/types\/page"}],"author":[{"embeddable":true,"href":"https:\/\/minaguas.gob.ve\/index.php?rest_route=\/wp\/v2\/users\/2"}],"replies":[{"embeddable":true,"href":"https:\/\/minaguas.gob.ve\/index.php?rest_route=%2Fwp%2Fv2%2Fcomments&post=230"}],"version-history":[{"count":0,"href":"https:\/\/minaguas.gob.ve\/index.php?rest_route=\/wp\/v2\/pages\/230\/revisions"}],"wp:attachment":[{"href":"https:\/\/minaguas.gob.ve\/index.php?rest_route=%2Fwp%2Fv2%2Fmedia&parent=230"}],"curies":[{"name":"wp","href":"https:\/\/api.w.org\/{rel}","templated":true}]}}