{"id":2141,"date":"2022-01-03T18:04:45","date_gmt":"2022-01-03T22:04:45","guid":{"rendered":"https:\/\/minaguas.gob.ve\/?page_id=2141"},"modified":"2026-03-12T16:20:13","modified_gmt":"2026-03-12T20:20:13","slug":"directorio","status":"publish","type":"page","link":"https:\/\/minaguas.gob.ve\/?page_id=2141","title":{"rendered":"Directorio"},"content":{"rendered":"\n<ul class=\"wp-block-list\">\n<li><strong><em>DIRECCI\u00d3N GENERAL DEL DESPACHO<\/em><\/strong>\n<ul class=\"wp-block-list\">\n<li><em>H\u00c9CTOR ALONZO ROMERO VERGARA<\/em><\/li>\n\n\n\n<li><strong><em>(0212)563.02.81 \/ 564.85.33 <\/em><\/strong><\/li>\n\n\n\n<li><a href=\"mailto:despacho@minaguas.gob.ve\"><strong><em>despacho@minaguas.gob.ve<\/em><\/strong><\/a> \/ <a href=\"mailto:denuncias@minaguas.gob.ve\"><strong><em>denuncias@minaguas.gob.ve<\/em><\/strong><\/a> \/ <a href=\"mailto:correspondencia@minaguas.gob.ve\"><strong><em>correspondencia@minaguas.gob.ve<\/em><\/strong><\/a> \/ <a href=\"mailto:despacho@minaguas.gob.ve\"><strong><em>minaguas.despacho@gmail.com<\/em><\/strong><\/a><\/li>\n<\/ul>\n<\/li>\n<\/ul>\n\n\n\n<ul class=\"wp-block-list\">\n<li><strong><em>OFICINA ESTRAT\u00c9GICA DE SEGUIMIENTO Y EVALUACI\u00d3N DE POL\u00cdTICAS P\u00daBLICAS<\/em><\/strong>\n<ul class=\"wp-block-list\">\n<li><em>REINA FRANCO<\/em><\/li>\n\n\n\n<li><strong>(0212) 564.97.81 &nbsp;<\/strong><\/li>\n\n\n\n<li><a href=\"mailto:pol\u00edticas-publicas@minaguas.gob.ve\"><strong><em>politicas-publicas@minaguas.gob.ve<\/em><\/strong><\/a><\/li>\n<\/ul>\n<\/li>\n<\/ul>\n\n\n\n<ul class=\"wp-block-list\">\n<li><strong><em>OFICINA DE AUDITOR\u00cdA INTERNA<\/em><\/strong>\n<ul class=\"wp-block-list\">\n<li><em> MARGOTT<\/em> <em>TER\u00c1N<\/em><\/li>\n\n\n\n<li><strong>(0212) 564.1604<\/strong><\/li>\n\n\n\n<li><a href=\"mailto:auditoria@minaguas.gob.ve\"><strong><em>auditoria@minaguas.gob.ve<\/em><\/strong><\/a><\/li>\n<\/ul>\n<\/li>\n<\/ul>\n\n\n\n<ul class=\"wp-block-list\">\n<li><strong><em>OFICINA DE ATENCI\u00d3N CIUDADANA<\/em><\/strong>\n<ul class=\"wp-block-list\">\n<li><em>GABRIELA CRUZ<\/em><\/li>\n\n\n\n<li><strong>(0212) 561.12.85<\/strong><\/li>\n\n\n\n<li><a href=\"mailto:oac@minaguas.gob.ve\"><strong><em>oac@minaguas.gob.ve<\/em><\/strong><\/a><\/li>\n<\/ul>\n<\/li>\n<\/ul>\n\n\n\n<ul class=\"wp-block-list\">\n<li><strong><em>OFICINA DE GESTI\u00d3N COMUNICACIONAL<\/em><\/strong>\n<ul class=\"wp-block-list\">\n<li><em> EDWMAR BANDRES<\/em><\/li>\n\n\n\n<li><strong>(0212) 562.15.83<\/strong><\/li>\n\n\n\n<li><a href=\"mailto:comunicaciones@minaguas.gob.ve\"><strong><em>comunicaciones@minaguas.gob.ve<\/em><\/strong><\/a><\/li>\n<\/ul>\n<\/li>\n<\/ul>\n\n\n\n<ul class=\"wp-block-list\">\n<li><strong><em>OFICINA DE PLANIFICACI\u00d3N Y PRESUPUESTO<\/em><\/strong>\n<ul class=\"wp-block-list\">\n<li><em> BETTYMAR<\/em> <em>G\u00d3MEZ VERA<\/em><\/li>\n\n\n\n<li><strong>(0212) 564.22.50<\/strong><\/li>\n\n\n\n<li><strong><em><a href=\"mailto:planificaci\u00f3n-presupuesto@minaguas.gob.ve\"><\/a><a href=\"mailto:planificaci\u00f3n-presupuesto@minaguas.gob\"><em><strong>p<\/strong><\/em><\/a><em><strong><a href=\"mailto:lanificaci\u00f3n-presupuesto@minaguas.gob.ve\">lanificacion-presupuesto@minaguas.gob.ve<\/a><\/strong><\/em><\/em><\/strong><\/li>\n<\/ul>\n<\/li>\n<\/ul>\n\n\n\n<ul class=\"wp-block-list\">\n<li><strong><em>OFICINA DE GESTI\u00d3N HUMANA<\/em><\/strong>\n<ul class=\"wp-block-list\">\n<li><em>DORIS ASKOUL SAAEB<\/em><\/li>\n\n\n\n<li><strong>(0212) 561.82.12<\/strong><\/li>\n\n\n\n<li><a href=\"mailto:Gesti\u00f3n-humana@minaguas.gob.ve\"><strong><em>gestion-humana@minaguas.gob.ve<\/em><\/strong><\/a><strong><em> &nbsp;<\/em><\/strong><\/li>\n<\/ul>\n<\/li>\n<\/ul>\n\n\n\n<ul class=\"wp-block-list\">\n<li><strong><em>OFICINA DE GESTI\u00d3N ADMINISTRATIVA<\/em><\/strong>\n<ul class=\"wp-block-list\">\n<li><em>ANA RAQUEL MAST YUSTIZ <\/em><\/li>\n\n\n\n<li><strong>(0212) 564.08.11<\/strong><\/li>\n\n\n\n<li><a href=\"mailto:administraci\u00f3n@minaguas.gob.ve\"><strong><em>administracion@minaguas.gob.ve<\/em><\/strong><\/a><strong><em> <\/em><\/strong> <\/li>\n<\/ul>\n<\/li>\n\n\n\n<li><strong><em>OFICINA DE TECNOLOG\u00cdA DE LA INFORMACI\u00d3N Y LA COMUNICACI\u00d3N<\/em><\/strong>\n<ul class=\"wp-block-list\">\n<li><em>DAVID ACEVEDO<\/em><\/li>\n\n\n\n<li><strong><em>(0212) 563.27.02 \/ 561.45.34 \/ 561.64.05<\/em><\/strong><\/li>\n\n\n\n<li><a href=\"mailto:tecnolog\u00eda@minaguas.gob.ve\"><strong><em>tecnologia@minaguas.gob.ve<\/em><\/strong><\/a><\/li>\n<\/ul>\n<\/li>\n<\/ul>\n\n\n\n<ul class=\"wp-block-list\">\n<li><strong><em>OFICINA DE SERVICIOS E INFRAESTRUCTURA<\/em><\/strong>\n<ul class=\"wp-block-list\">\n<li><em>VILLANA<\/em> FRANKLIN<\/li>\n\n\n\n<li><strong><em>(0212) 563.47.43<\/em><\/strong><\/li>\n\n\n\n<li><a href=\"mailto:infraestructura@minaguas.gob.ve\"><strong><em>infraestructura@minaguas.gob.ve<\/em><\/strong><\/a><\/li>\n<\/ul>\n<\/li>\n<\/ul>\n\n\n\n<ul class=\"wp-block-list\">\n<li><strong><em>OFICINA DE INTEGRACI\u00d3N Y ASUNTOS INTERNACIONALES<\/em><\/strong>\n<ul class=\"wp-block-list\">\n<li><em>LUIS ALEJANDRO SALAZAR<\/em><\/li>\n\n\n\n<li><strong>(0212) 565.06.88<\/strong><\/li>\n\n\n\n<li><a href=\"mailto:internacionales@minaguas.gob.ve\"><strong><em>internacionales@minaguas.gob.ve<\/em><\/strong><\/a><\/li>\n<\/ul>\n<\/li>\n<\/ul>\n\n\n\n<ul class=\"wp-block-list\">\n<li><strong><em>CONSULTOR\u00cdA JUR\u00cdDICA<\/em><\/strong>\n<ul class=\"wp-block-list\">\n<li><em>SINAI<\/em> GARC\u00cdA<\/li>\n\n\n\n<li><strong>(0212) 781.80.80<\/strong><\/li>\n\n\n\n<li><a href=\"mailto:consultoria-juridica@minaguas.gob.ve\"><strong><em>consultoria-juridica@minaguas.gob.ve<\/em><\/strong><\/a><\/li>\n<\/ul>\n<\/li>\n<\/ul>\n\n\n\n<ul id=\"block-1b0d0f8e-1792-4e4c-9202-ba34cf7aa856\" class=\"wp-block-list\">\n<li><strong>VICEMINISTRA DEL SERVICIO DE AGUA POTABLE Y SANEAMIENTO<\/strong>\n<ul class=\"wp-block-list\">\n<li><em>YESENIA MORENO<\/em> GERDEL<\/li>\n\n\n\n<li><strong>(0212) 794.18.03<\/strong><\/li>\n\n\n\n<li><strong><a href=\"mailto:consultoria-juridica@minaguas.gob.ve\"><em>vicesaps<\/em><\/a><\/strong><a href=\"mailto:consultoria-juridica@minaguas.gob.ve\"><strong><em>@gmail.com<\/em><\/strong><\/a><\/li>\n<\/ul>\n<\/li>\n\n\n\n<li><strong><em>VICEMINISTRO DE ADMINISTRACI\u00d3N DE CUENCAS HIDROGR\u00c1FICAS<\/em><\/strong>\n<ul class=\"wp-block-list\">\n<li>JES\u00daS RAIMOND MOR\u00d3N<\/li>\n\n\n\n<li><strong>(0212) 563.40.02<\/strong><\/li>\n\n\n\n<li><a href=\"mailto:consultoria-juridica@minaguas.gob.ve\"><strong><em>despachoviceagua@gmail.com<\/em><\/strong><\/a><\/li>\n<\/ul>\n<\/li>\n\n\n\n<li><strong><em>VICEMINISTRO PARA LA GESTI\u00d3N POPULAR DEL AGUA<\/em><\/strong>\n<ul class=\"wp-block-list\">\n<li><em>JOS\u00c9 MANUEL FRAGOZO<\/em><\/li>\n\n\n\n<li><strong>(0212) 563.12.06<\/strong><\/li>\n\n\n\n<li><a href=\"mailto:consultoria-juridica@minaguas.gob.ve\"><strong><em>viceministeriogpa2024@gmail.com<\/em><\/strong><\/a><\/li>\n<\/ul>\n<\/li>\n<\/ul>\n\n\n\n<p><\/p>\n\n\n\n<p><\/p>\n\n\n\n<p><\/p>\n\n\n\n<p><\/p>\n","protected":false},"excerpt":{"rendered":"","protected":false},"author":2,"featured_media":0,"parent":0,"menu_order":0,"comment_status":"closed","ping_status":"closed","template":"","meta":{"footnotes":""},"class_list":["post-2141","page","type-page","status-publish","hentry"],"_links":{"self":[{"href":"https:\/\/minaguas.gob.ve\/index.php?rest_route=\/wp\/v2\/pages\/2141","targetHints":{"allow":["GET"]}}],"collection":[{"href":"https:\/\/minaguas.gob.ve\/index.php?rest_route=\/wp\/v2\/pages"}],"about":[{"href":"https:\/\/minaguas.gob.ve\/index.php?rest_route=\/wp\/v2\/types\/page"}],"author":[{"embeddable":true,"href":"https:\/\/minaguas.gob.ve\/index.php?rest_route=\/wp\/v2\/users\/2"}],"replies":[{"embeddable":true,"href":"https:\/\/minaguas.gob.ve\/index.php?rest_route=%2Fwp%2Fv2%2Fcomments&post=2141"}],"version-history":[{"count":1,"href":"https:\/\/minaguas.gob.ve\/index.php?rest_route=\/wp\/v2\/pages\/2141\/revisions"}],"predecessor-version":[{"id":13654,"href":"https:\/\/minaguas.gob.ve\/index.php?rest_route=\/wp\/v2\/pages\/2141\/revisions\/13654"}],"wp:attachment":[{"href":"https:\/\/minaguas.gob.ve\/index.php?rest_route=%2Fwp%2Fv2%2Fmedia&parent=2141"}],"curies":[{"name":"wp","href":"https:\/\/api.w.org\/{rel}","templated":true}]}}